{"id":6645,"date":"2026-03-10T12:04:26","date_gmt":"2026-03-10T16:04:26","guid":{"rendered":"https:\/\/carest-network.org\/?page_id=6645"},"modified":"2026-03-16T09:39:23","modified_gmt":"2026-03-16T13:39:23","slug":"actualites-shelter","status":"publish","type":"page","link":"https:\/\/carest-network.org\/en\/actualites-shelter\/","title":{"rendered":"Actualit\u00e9s SHELTER"},"content":{"rendered":"<div data-elementor-type=\"wp-page\" data-elementor-id=\"6645\" class=\"elementor elementor-6645\" data-elementor-post-type=\"page\">\n\t\t\t\t<div class=\"elementor-element elementor-element-670e89f e-flex e-con-boxed e-con e-parent\" data-id=\"670e89f\" data-element_type=\"container\" data-e-type=\"container\">\n\t\t\t\t\t<div class=\"e-con-inner\">\n\t\t\t\t<div class=\"elementor-element elementor-element-ffb3eb9 elementor-widget elementor-widget-heading\" data-id=\"ffb3eb9\" data-element_type=\"widget\" data-e-type=\"widget\" data-widget_type=\"heading.default\">\n\t\t\t\t\t<h2 class=\"elementor-heading-title elementor-size-default\">Actualit\u00e9s SHELTER<\/h2>\t\t\t\t<\/div>\n\t\t\t\t<div class=\"elementor-element elementor-element-84885b0 elementor-widget elementor-widget-text-editor\" data-id=\"84885b0\" data-element_type=\"widget\" data-e-type=\"widget\" data-widget_type=\"text-editor.default\">\n\t\t\t\t\t\t\t\t\t<p>Des actualit\u00e9s sur SHELTER bient\u00f4t disponible !\u00a0<\/p>\t\t\t\t\t\t\t\t<\/div>\n\t\t\t\t\t<\/div>\n\t\t\t\t<\/div>\n\t\t<div class=\"elementor-element elementor-element-bd2ea4e elementor-hidden-desktop elementor-hidden-tablet elementor-hidden-mobile e-flex e-con-boxed e-con e-parent\" data-id=\"bd2ea4e\" data-element_type=\"container\" data-e-type=\"container\">\n\t\t\t\t\t<div class=\"e-con-inner\">\n\t\t\t\t<div class=\"elementor-element elementor-element-7580032 elementor-grid-eael-col-3 elementor-grid-tablet-eael-col-2 elementor-grid-mobile-eael-col-1 elementor-widget elementor-widget-eael-post-grid\" data-id=\"7580032\" data-element_type=\"widget\" data-e-type=\"widget\" data-settings=\"{&quot;eael_post_grid_columns&quot;:&quot;eael-col-3&quot;,&quot;eael_post_grid_columns_tablet&quot;:&quot;eael-col-2&quot;,&quot;eael_post_grid_columns_mobile&quot;:&quot;eael-col-1&quot;}\" data-widget_type=\"eael-post-grid.default\">\n\t\t\t\t\t<div id=\"eael-post-grid-7580032\" class=\"eael-post-grid-container\">\n            <div class=\"eael-post-grid eael-post-appender eael-post-appender-7580032 eael-post-grid-style-two\" data-layout-mode=\"grid\"><p class=\"no-posts-found\">No posts found!<\/p><\/div>\n            <div class=\"clearfix\"><\/div>\n        <\/div>\t\t\t\t<\/div>\n\t\t\t\t\t<\/div>\n\t\t\t\t<\/div>\n\t\t\t\t<\/div>","protected":false},"excerpt":{"rendered":"<p>Actualit\u00e9s SHELTER Des actualit\u00e9s sur SHELTER bient\u00f4t disponible !\u00a0 No posts found!<\/p>","protected":false},"author":45,"featured_media":0,"parent":0,"menu_order":0,"comment_status":"closed","ping_status":"closed","template":"","meta":{"site-sidebar-layout":"no-sidebar","site-content-layout":"","ast-site-content-layout":"full-width-container","site-content-style":"default","site-sidebar-style":"default","ast-global-header-display":"","ast-banner-title-visibility":"","ast-main-header-display":"","ast-hfb-above-header-display":"","ast-hfb-below-header-display":"","ast-hfb-mobile-header-display":"","site-post-title":"","ast-breadcrumbs-content":"","ast-featured-img":"disabled","footer-sml-layout":"","ast-disable-related-posts":"","theme-transparent-header-meta":"","adv-header-id-meta":"","stick-header-meta":"","header-above-stick-meta":"","header-main-stick-meta":"","header-below-stick-meta":"","astra-migrate-meta-layouts":"default","ast-page-background-enabled":"default","ast-page-background-meta":{"desktop":{"background-color":"var(--ast-global-color-5)","background-image":"","background-repeat":"repeat","background-position":"center center","background-size":"auto","background-attachment":"scroll","background-type":"","background-media":"","overlay-type":"","overlay-color":"","overlay-opacity":"","overlay-gradient":""},"tablet":{"background-color":"","background-image":"","background-repeat":"repeat","background-position":"center center","background-size":"auto","background-attachment":"scroll","background-type":"","background-media":"","overlay-type":"","overlay-color":"","overlay-opacity":"","overlay-gradient":""},"mobile":{"background-color":"","background-image":"","background-repeat":"repeat","background-position":"center center","background-size":"auto","background-attachment":"scroll","background-type":"","background-media":"","overlay-type":"","overlay-color":"","overlay-opacity":"","overlay-gradient":""}},"ast-content-background-meta":{"desktop":{"background-color":"var(--ast-global-color-4)","background-image":"","background-repeat":"repeat","background-position":"center center","background-size":"auto","background-attachment":"scroll","background-type":"","background-media":"","overlay-type":"","overlay-color":"","overlay-opacity":"","overlay-gradient":""},"tablet":{"background-color":"var(--ast-global-color-4)","background-image":"","background-repeat":"repeat","background-position":"center center","background-size":"auto","background-attachment":"scroll","background-type":"","background-media":"","overlay-type":"","overlay-color":"","overlay-opacity":"","overlay-gradient":""},"mobile":{"background-color":"var(--ast-global-color-4)","background-image":"","background-repeat":"repeat","background-position":"center center","background-size":"auto","background-attachment":"scroll","background-type":"","background-media":"","overlay-type":"","overlay-color":"","overlay-opacity":"","overlay-gradient":""}},"footnotes":""},"class_list":["post-6645","page","type-page","status-publish","hentry"],"yoast_head":"<!-- This site is optimized with the Yoast SEO plugin v27.3 - https:\/\/yoast.com\/product\/yoast-seo-wordpress\/ -->\n<title>Actualit\u00e9s SHELTER - Carest Network<\/title>\n<meta name=\"robots\" content=\"index, follow, max-snippet:-1, max-image-preview:large, max-video-preview:-1\" \/>\n<link rel=\"canonical\" href=\"https:\/\/carest-network.org\/en\/actualites-shelter\/\" \/>\n<meta property=\"og:locale\" content=\"en_US\" \/>\n<meta property=\"og:type\" content=\"article\" \/>\n<meta property=\"og:title\" content=\"Actualit\u00e9s SHELTER - Carest Network\" \/>\n<meta property=\"og:description\" content=\"Actualit\u00e9s SHELTER Des actualit\u00e9s sur SHELTER bient\u00f4t disponible !\u00a0 No posts found!\" \/>\n<meta property=\"og:url\" content=\"https:\/\/carest-network.org\/en\/actualites-shelter\/\" \/>\n<meta property=\"og:site_name\" content=\"Carest Network\" \/>\n<meta property=\"article:modified_time\" content=\"2026-03-16T13:39:23+00:00\" \/>\n<meta property=\"og:image\" content=\"https:\/\/carest-network.org\/wp-content\/uploads\/2026\/01\/CAREST_logo.png\" \/>\n\t<meta property=\"og:image:width\" content=\"1402\" \/>\n\t<meta property=\"og:image:height\" content=\"716\" \/>\n\t<meta property=\"og:image:type\" content=\"image\/png\" \/>\n<meta name=\"twitter:card\" content=\"summary_large_image\" \/>\n<meta name=\"twitter:label1\" content=\"Est. reading time\" \/>\n\t<meta name=\"twitter:data1\" content=\"1 minute\" \/>\n<script type=\"application\/ld+json\" class=\"yoast-schema-graph\">{\"@context\":\"https:\\\/\\\/schema.org\",\"@graph\":[{\"@type\":\"WebPage\",\"@id\":\"https:\\\/\\\/carest-network.org\\\/actualites-shelter\\\/\",\"url\":\"https:\\\/\\\/carest-network.org\\\/actualites-shelter\\\/\",\"name\":\"Actualit\u00e9s SHELTER - Carest Network\",\"isPartOf\":{\"@id\":\"https:\\\/\\\/carest-network.org\\\/#website\"},\"datePublished\":\"2026-03-10T16:04:26+00:00\",\"dateModified\":\"2026-03-16T13:39:23+00:00\",\"breadcrumb\":{\"@id\":\"https:\\\/\\\/carest-network.org\\\/actualites-shelter\\\/#breadcrumb\"},\"inLanguage\":\"en-US\",\"potentialAction\":[{\"@type\":\"ReadAction\",\"target\":[\"https:\\\/\\\/carest-network.org\\\/actualites-shelter\\\/\"]}]},{\"@type\":\"BreadcrumbList\",\"@id\":\"https:\\\/\\\/carest-network.org\\\/actualites-shelter\\\/#breadcrumb\",\"itemListElement\":[{\"@type\":\"ListItem\",\"position\":1,\"name\":\"Accueil\",\"item\":\"https:\\\/\\\/carest-network.org\\\/\"},{\"@type\":\"ListItem\",\"position\":2,\"name\":\"Actualit\u00e9s SHELTER\"}]},{\"@type\":\"WebSite\",\"@id\":\"https:\\\/\\\/carest-network.org\\\/#website\",\"url\":\"https:\\\/\\\/carest-network.org\\\/\",\"name\":\"Carest Network\",\"description\":\"CAribean network of REsearchers on Sickle cell disease and Thalassemia\",\"publisher\":{\"@id\":\"https:\\\/\\\/carest-network.org\\\/#organization\"},\"potentialAction\":[{\"@type\":\"SearchAction\",\"target\":{\"@type\":\"EntryPoint\",\"urlTemplate\":\"https:\\\/\\\/carest-network.org\\\/?s={search_term_string}\"},\"query-input\":{\"@type\":\"PropertyValueSpecification\",\"valueRequired\":true,\"valueName\":\"search_term_string\"}}],\"inLanguage\":\"en-US\"},{\"@type\":\"Organization\",\"@id\":\"https:\\\/\\\/carest-network.org\\\/#organization\",\"name\":\"Carest Network\",\"url\":\"https:\\\/\\\/carest-network.org\\\/\",\"logo\":{\"@type\":\"ImageObject\",\"inLanguage\":\"en-US\",\"@id\":\"https:\\\/\\\/carest-network.org\\\/#\\\/schema\\\/logo\\\/image\\\/\",\"url\":\"https:\\\/\\\/carest-network.org\\\/wp-content\\\/uploads\\\/2026\\\/01\\\/CAREST_logo.png\",\"contentUrl\":\"https:\\\/\\\/carest-network.org\\\/wp-content\\\/uploads\\\/2026\\\/01\\\/CAREST_logo.png\",\"width\":1402,\"height\":716,\"caption\":\"Carest Network\"},\"image\":{\"@id\":\"https:\\\/\\\/carest-network.org\\\/#\\\/schema\\\/logo\\\/image\\\/\"}}]}<\/script>\n<!-- \/ Yoast SEO plugin. -->","yoast_head_json":{"title":"Actualit\u00e9s SHELTER - Carest Network","robots":{"index":"index","follow":"follow","max-snippet":"max-snippet:-1","max-image-preview":"max-image-preview:large","max-video-preview":"max-video-preview:-1"},"canonical":"https:\/\/carest-network.org\/en\/actualites-shelter\/","og_locale":"en_US","og_type":"article","og_title":"Actualit\u00e9s SHELTER - Carest Network","og_description":"Actualit\u00e9s SHELTER Des actualit\u00e9s sur SHELTER bient\u00f4t disponible !\u00a0 No posts found!","og_url":"https:\/\/carest-network.org\/en\/actualites-shelter\/","og_site_name":"Carest Network","article_modified_time":"2026-03-16T13:39:23+00:00","og_image":[{"width":1402,"height":716,"url":"https:\/\/carest-network.org\/wp-content\/uploads\/2026\/01\/CAREST_logo.png","type":"image\/png"}],"twitter_card":"summary_large_image","twitter_misc":{"Est. reading time":"1 minute"},"schema":{"@context":"https:\/\/schema.org","@graph":[{"@type":"WebPage","@id":"https:\/\/carest-network.org\/actualites-shelter\/","url":"https:\/\/carest-network.org\/actualites-shelter\/","name":"Actualit\u00e9s SHELTER - Carest Network","isPartOf":{"@id":"https:\/\/carest-network.org\/#website"},"datePublished":"2026-03-10T16:04:26+00:00","dateModified":"2026-03-16T13:39:23+00:00","breadcrumb":{"@id":"https:\/\/carest-network.org\/actualites-shelter\/#breadcrumb"},"inLanguage":"en-US","potentialAction":[{"@type":"ReadAction","target":["https:\/\/carest-network.org\/actualites-shelter\/"]}]},{"@type":"BreadcrumbList","@id":"https:\/\/carest-network.org\/actualites-shelter\/#breadcrumb","itemListElement":[{"@type":"ListItem","position":1,"name":"Accueil","item":"https:\/\/carest-network.org\/"},{"@type":"ListItem","position":2,"name":"Actualit\u00e9s SHELTER"}]},{"@type":"WebSite","@id":"https:\/\/carest-network.org\/#website","url":"https:\/\/carest-network.org\/","name":"Carest Network","description":"CAribean network of REsearchers on Sickle cell disease and Thalassemia","publisher":{"@id":"https:\/\/carest-network.org\/#organization"},"potentialAction":[{"@type":"SearchAction","target":{"@type":"EntryPoint","urlTemplate":"https:\/\/carest-network.org\/?s={search_term_string}"},"query-input":{"@type":"PropertyValueSpecification","valueRequired":true,"valueName":"search_term_string"}}],"inLanguage":"en-US"},{"@type":"Organization","@id":"https:\/\/carest-network.org\/#organization","name":"Carest Network","url":"https:\/\/carest-network.org\/","logo":{"@type":"ImageObject","inLanguage":"en-US","@id":"https:\/\/carest-network.org\/#\/schema\/logo\/image\/","url":"https:\/\/carest-network.org\/wp-content\/uploads\/2026\/01\/CAREST_logo.png","contentUrl":"https:\/\/carest-network.org\/wp-content\/uploads\/2026\/01\/CAREST_logo.png","width":1402,"height":716,"caption":"Carest Network"},"image":{"@id":"https:\/\/carest-network.org\/#\/schema\/logo\/image\/"}}]}},"jetpack_sharing_enabled":true,"_links":{"self":[{"href":"https:\/\/carest-network.org\/en\/wp-json\/wp\/v2\/pages\/6645","targetHints":{"allow":["GET"]}}],"collection":[{"href":"https:\/\/carest-network.org\/en\/wp-json\/wp\/v2\/pages"}],"about":[{"href":"https:\/\/carest-network.org\/en\/wp-json\/wp\/v2\/types\/page"}],"author":[{"embeddable":true,"href":"https:\/\/carest-network.org\/en\/wp-json\/wp\/v2\/users\/45"}],"replies":[{"embeddable":true,"href":"https:\/\/carest-network.org\/en\/wp-json\/wp\/v2\/comments?post=6645"}],"version-history":[{"count":5,"href":"https:\/\/carest-network.org\/en\/wp-json\/wp\/v2\/pages\/6645\/revisions"}],"predecessor-version":[{"id":6776,"href":"https:\/\/carest-network.org\/en\/wp-json\/wp\/v2\/pages\/6645\/revisions\/6776"}],"wp:attachment":[{"href":"https:\/\/carest-network.org\/en\/wp-json\/wp\/v2\/media?parent=6645"}],"curies":[{"name":"wp","href":"https:\/\/api.w.org\/{rel}","templated":true}]}}