{"id":6371,"date":"2026-02-19T11:46:30","date_gmt":"2026-02-19T15:46:30","guid":{"rendered":"https:\/\/carest-network.org\/?page_id=6371"},"modified":"2026-03-16T16:06:51","modified_gmt":"2026-03-16T20:06:51","slug":"le-congres","status":"publish","type":"page","link":"https:\/\/carest-network.org\/en\/le-congres\/","title":{"rendered":"Le congr\u00e8s"},"content":{"rendered":"<div data-elementor-type=\"wp-page\" data-elementor-id=\"6371\" class=\"elementor elementor-6371\" data-elementor-post-type=\"page\">\n\t\t\t\t<div class=\"elementor-element elementor-element-a5f1f34 e-flex e-con-boxed e-con e-parent\" data-id=\"a5f1f34\" data-element_type=\"container\" data-e-type=\"container\">\n\t\t\t\t\t<div class=\"e-con-inner\">\n\t\t\t\t<div class=\"elementor-element elementor-element-1ca90e3 elementor-widget elementor-widget-heading\" data-id=\"1ca90e3\" data-element_type=\"widget\" data-e-type=\"widget\" data-widget_type=\"heading.default\">\n\t\t\t\t\t<h2 class=\"elementor-heading-title elementor-size-default\">Les congr\u00e8s<\/h2>\t\t\t\t<\/div>\n\t\t\t\t\t<\/div>\n\t\t\t\t<\/div>\n\t\t<div class=\"elementor-element elementor-element-5d3f435 e-flex e-con-boxed e-con e-parent\" data-id=\"5d3f435\" data-element_type=\"container\" data-e-type=\"container\">\n\t\t\t\t\t<div class=\"e-con-inner\">\n\t\t\t\t<div class=\"elementor-element elementor-element-987ae4e elementor-widget elementor-widget-timeline-widget-addon\" data-id=\"987ae4e\" data-element_type=\"widget\" data-e-type=\"widget\" data-widget_type=\"timeline-widget-addon.default\">\n\t\t\t\t<div class=\"elementor-widget-container\">\n\t\t\t\t\t<!-- ========= Timeline Widget Addon For Elementor 1.6.23 ========= -->\n<div id=\"twae-wrapper-987ae4e\" class=\"twae-vertical twae-wrapper  twae-both-sided\">   \n    <div class=\"twae-start\"><\/div>    \n    <div id=\"twea-timeline-987ae4e\" class=\"twae-timeline\" ><!-- Start of Story Repeater Content --><div id=\"story-c961150\" class=\"twae-story twae-repeater-item twae-story-right twae-story-no-icon\"><!-- Story Label --><div class=\"twae-labels\"><div class=\"twae-label-big\">1er au 4 octobre 2025<\/div><\/div><!-- Story Icon --><div class=\"twae-icon\"><i aria-hidden=\"true\" class=\"far fa-clock\"><\/i><\/div><!-- Story Arrow --><div class=\"twae-arrow\"><\/div><!-- Start of Story Content --><div class=\"twae-content\"><!-- Story Title --><div class=\"twae-title\">Ascat - 20th Annual Sickle Cell &amp; Thalassaemia Conf\u00e9rence<\/div><!-- Story Image --><div class=\"twae-media full\"><img fetchpriority=\"high\" decoding=\"async\" width=\"1448\" height=\"810\" src=\"https:\/\/carest-network.org\/wp-content\/uploads\/2026\/03\/carest-congres-ascat-2025.jpg\" class=\"attachment-full size-full\" alt=\"\" srcset=\"https:\/\/carest-network.org\/wp-content\/uploads\/2026\/03\/carest-congres-ascat-2025.jpg 1448w, https:\/\/carest-network.org\/wp-content\/uploads\/2026\/03\/carest-congres-ascat-2025-300x168.jpg 300w, https:\/\/carest-network.org\/wp-content\/uploads\/2026\/03\/carest-congres-ascat-2025-1024x573.jpg 1024w, https:\/\/carest-network.org\/wp-content\/uploads\/2026\/03\/carest-congres-ascat-2025-768x430.jpg 768w, https:\/\/carest-network.org\/wp-content\/uploads\/2026\/03\/carest-congres-ascat-2025-18x10.jpg 18w\" sizes=\"(max-width: 1448px) 100vw, 1448px\" \/><\/div><\/div><\/div><!-- Start of Story Repeater Content --><div id=\"story-14a70ef\" class=\"twae-story twae-repeater-item twae-story-left twae-story-no-icon\"><!-- Story Label --><div class=\"twae-labels\"><div class=\"twae-label-big\">3 au 6 juin 2025<\/div><\/div><!-- Story Icon --><div class=\"twae-icon\"><i aria-hidden=\"true\" class=\"far fa-clock\"><\/i><\/div><!-- Story Arrow --><div class=\"twae-arrow\"><\/div><!-- Start of Story Content --><div class=\"twae-content\"><!-- Story Title --><div class=\"twae-title\">5\u1d49 Congr\u00e8s mondial sur la dr\u00e9panocytose,  organis\u00e9 par le Global Sickle Cell Disease Network (GSCDN)<\/div><!-- Story Image --><div class=\"twae-media full\"><img decoding=\"async\" width=\"800\" height=\"1066\" src=\"https:\/\/carest-network.org\/wp-content\/uploads\/2026\/03\/congres-global-sickle-2025.jpg\" class=\"attachment-full size-full\" alt=\"\" srcset=\"https:\/\/carest-network.org\/wp-content\/uploads\/2026\/03\/congres-global-sickle-2025.jpg 800w, https:\/\/carest-network.org\/wp-content\/uploads\/2026\/03\/congres-global-sickle-2025-225x300.jpg 225w, https:\/\/carest-network.org\/wp-content\/uploads\/2026\/03\/congres-global-sickle-2025-768x1023.jpg 768w, https:\/\/carest-network.org\/wp-content\/uploads\/2026\/03\/congres-global-sickle-2025-9x12.jpg 9w\" sizes=\"(max-width: 800px) 100vw, 800px\" \/><\/div><\/div><\/div><!-- Start of Story Repeater Content --><div id=\"story-62def61\" class=\"twae-story twae-repeater-item twae-story-right twae-story-no-icon\"><!-- Story Label --><div class=\"twae-labels\"><div class=\"twae-label-big\">10 et 11 octobre 2023<\/div><\/div><!-- Story Icon --><div class=\"twae-icon\"><i aria-hidden=\"true\" class=\"far fa-clock\"><\/i><\/div><!-- Story Arrow --><div class=\"twae-arrow\"><\/div><!-- Start of Story Content --><div class=\"twae-content\"><!-- Story Title --><div class=\"twae-title\">Sickle Cell in Focus (SCiF) conf\u00e9rence, 16\u00e8me \u00e9dition<\/div><!-- Story Image --><div class=\"twae-media full\"><img decoding=\"async\" width=\"720\" height=\"405\" src=\"https:\/\/carest-network.org\/wp-content\/uploads\/2022\/10\/scif.png\" class=\"attachment-full size-full\" alt=\"\" srcset=\"https:\/\/carest-network.org\/wp-content\/uploads\/2022\/10\/scif.png 720w, https:\/\/carest-network.org\/wp-content\/uploads\/2022\/10\/scif-300x169.png 300w\" sizes=\"(max-width: 720px) 100vw, 720px\" \/><\/div><!-- Story Description --><div class=\"twae-description\"><p>La 16e conf\u00e9rence annuelle Sickle Cell in Focus (SCiF) se tiendra en pr\u00e9sentiel au NIH, campus de Bethesda, Maryland, les 10 et 11 octobre 2023.\u00a0<br \/><a href=\"https:\/\/carest-network.org\/en\/sickle-cell-in-focus-scif-conference-16eme-edition\/\">Lire la suite &gt;<\/a><\/p><\/div><\/div><\/div><!-- Start of Story Repeater Content --><div id=\"story-5dee7a6\" class=\"twae-story twae-repeater-item twae-story-left twae-story-no-icon\"><!-- Story Label --><div class=\"twae-labels\"><div class=\"twae-label-big\">15 au 19 mai 2023<\/div><\/div><!-- Story Icon --><div class=\"twae-icon\"><i aria-hidden=\"true\" class=\"far fa-clock\"><\/i><\/div><!-- Story Arrow --><div class=\"twae-arrow\"><\/div><!-- Start of Story Content --><div class=\"twae-content\"><!-- Story Title --><div class=\"twae-title\"> CAREST invit\u00e9 au IX\u00e8me congr\u00e8s Cubain d\u2019h\u00e9matologie de Cuba<\/div><!-- Story Image --><div class=\"twae-media full\"><img loading=\"lazy\" decoding=\"async\" width=\"1280\" height=\"720\" src=\"https:\/\/carest-network.org\/wp-content\/uploads\/2023\/04\/Image-web.jpg\" class=\"attachment-full size-full\" alt=\"\" srcset=\"https:\/\/carest-network.org\/wp-content\/uploads\/2023\/04\/Image-web.jpg 1280w, https:\/\/carest-network.org\/wp-content\/uploads\/2023\/04\/Image-web-300x169.jpg 300w, https:\/\/carest-network.org\/wp-content\/uploads\/2023\/04\/Image-web-1024x576.jpg 1024w, https:\/\/carest-network.org\/wp-content\/uploads\/2023\/04\/Image-web-768x432.jpg 768w\" sizes=\"(max-width: 1280px) 100vw, 1280px\" \/><\/div><!-- Story Description --><div class=\"twae-description\"><p>Le IX\u00e8me congr\u00e8s Cubain d\u2019h\u00e9matologie, organis\u00e9 par la Soci\u00e9t\u00e9 cubaine d\u2019h\u00e9matologie et l\u2019Institut d\u2019h\u00e9matologie et d\u2019immunologie, se tient du 15 au 19 mai 2023 au Palais des congr\u00e8s de La Havane, \u00e0 Cuba.<br \/><a href=\"https:\/\/carest-network.org\/en\/carest-invite-au-ixeme-congres-cubain-dhematologie-de-cuba\/\">Lire la suite &gt;<\/a><\/p><\/div><\/div><\/div><!-- Start of Story Repeater Content --><div id=\"story-4b7bc9b\" class=\"twae-story twae-repeater-item twae-story-right twae-story-no-icon\"><!-- Story Label --><div class=\"twae-labels\"><div class=\"twae-label-big\">16 au 18 juin 2022<\/div><\/div><!-- Story Icon --><div class=\"twae-icon\"><i aria-hidden=\"true\" class=\"far fa-clock\"><\/i><\/div><!-- Story Arrow --><div class=\"twae-arrow\"><\/div><!-- Start of Story Content --><div class=\"twae-content\"><!-- Story Title --><div class=\"twae-title\">4\u00e8me Congr\u00e8s mondial sur la dr\u00e9panocytose<\/div><!-- Story Image --><div class=\"twae-media full\"><img loading=\"lazy\" decoding=\"async\" width=\"2000\" height=\"1125\" src=\"https:\/\/carest-network.org\/wp-content\/uploads\/2022\/06\/congres-2022.jpg\" class=\"attachment-full size-full\" alt=\"\" srcset=\"https:\/\/carest-network.org\/wp-content\/uploads\/2022\/06\/congres-2022.jpg 2000w, https:\/\/carest-network.org\/wp-content\/uploads\/2022\/06\/congres-2022-300x169.jpg 300w, https:\/\/carest-network.org\/wp-content\/uploads\/2022\/06\/congres-2022-1024x576.jpg 1024w, https:\/\/carest-network.org\/wp-content\/uploads\/2022\/06\/congres-2022-768x432.jpg 768w, https:\/\/carest-network.org\/wp-content\/uploads\/2022\/06\/congres-2022-1536x864.jpg 1536w\" sizes=\"(max-width: 2000px) 100vw, 2000px\" \/><\/div><!-- Story Description --><div class=\"twae-description\"><p>Le Global Sickle Cell Disease Network est tr\u00e8s heureux de vous annoncer le 4\u00e8me congr\u00e8s mondial sur la dr\u00e9panocytose qui aura lieu du 16 au 18 juin 2022 \u00e0 Paris.<br \/><a href=\"https:\/\/carest-network.org\/en\/4eme-congres-mondial-sur-la-drepanocytose-2\/\">Lire la suite &gt;<\/a><\/p><\/div><\/div><\/div><!-- Start of Story Repeater Content --><div id=\"story-96c3499\" class=\"twae-story twae-repeater-item twae-story-left twae-story-no-icon\"><!-- Story Label --><div class=\"twae-labels\"><div class=\"twae-label-big\">30 septembre et 1er octobre 2021<\/div><\/div><!-- Story Icon --><div class=\"twae-icon\"><i aria-hidden=\"true\" class=\"far fa-clock\"><\/i><\/div><!-- Story Arrow --><div class=\"twae-arrow\"><\/div><!-- Start of Story Content --><div class=\"twae-content\"><!-- Story Title --><div class=\"twae-title\">Congr\u00e8s SCIF 2021<\/div><!-- Story Image --><div class=\"twae-media full\"><img loading=\"lazy\" decoding=\"async\" width=\"826\" height=\"603\" src=\"https:\/\/carest-network.org\/wp-content\/uploads\/2021\/09\/Image2.png\" class=\"attachment-full size-full\" alt=\"\" srcset=\"https:\/\/carest-network.org\/wp-content\/uploads\/2021\/09\/Image2.png 826w, https:\/\/carest-network.org\/wp-content\/uploads\/2021\/09\/Image2-300x219.png 300w, https:\/\/carest-network.org\/wp-content\/uploads\/2021\/09\/Image2-768x561.png 768w\" sizes=\"(max-width: 826px) 100vw, 826px\" \/><\/div><!-- Story Description --><div class=\"twae-description\"><p>La 14e conf\u00e9rence annuelle Sickle Cell in Focus (SCiF), organis\u00e9e conjointement par\u00a0le National Heart, Lung,\u00a0 Blood Institute, Caribbean Institute for Health Research\u00a0et UWI, aura lieu\u00a0virtuellement via Zoom les 30 septembre et 1er octobre 2021.<br \/><a href=\"https:\/\/carest-network.org\/en\/congres-scif-2021\/\">Lire la suite &gt;<\/a><\/p><\/div><\/div><\/div><\/div>\n    <div class=\"twae-end\"><\/div>\n    <\/div><style type=\"text\/css\">@media (max-width: 1024px){ .twae-wrapper{--tw-ybx-size: 80px !important;}}@media (max-width: 767px){ .twae-wrapper{--tw-ybx-size: 80px !important}}<\/style>\t\t\t\t<\/div>\n\t\t\t\t<\/div>\n\t\t\t\t\t<\/div>\n\t\t\t\t<\/div>\n\t\t\t\t<\/div>","protected":false},"excerpt":{"rendered":"<p>Les congr\u00e8s 1er au 4 octobre 2025Ascat &#8211; 20th Annual Sickle Cell &amp; Thalassaemia Conf\u00e9rence3 au 6 juin 20255\u1d49 Congr\u00e8s [&hellip;]<\/p>\n","protected":false},"author":45,"featured_media":0,"parent":0,"menu_order":0,"comment_status":"closed","ping_status":"closed","template":"elementor_theme","meta":{"site-sidebar-layout":"no-sidebar","site-content-layout":"","ast-site-content-layout":"full-width-container","site-content-style":"default","site-sidebar-style":"default","ast-global-header-display":"","ast-banner-title-visibility":"","ast-main-header-display":"","ast-hfb-above-header-display":"","ast-hfb-below-header-display":"","ast-hfb-mobile-header-display":"","site-post-title":"","ast-breadcrumbs-content":"","ast-featured-img":"disabled","footer-sml-layout":"","ast-disable-related-posts":"","theme-transparent-header-meta":"default","adv-header-id-meta":"","stick-header-meta":"","header-above-stick-meta":"","header-main-stick-meta":"","header-below-stick-meta":"","astra-migrate-meta-layouts":"set","ast-page-background-enabled":"default","ast-page-background-meta":{"desktop":{"background-color":"var(--ast-global-color-5)","background-image":"","background-repeat":"repeat","background-position":"center center","background-size":"auto","background-attachment":"scroll","background-type":"","background-media":"","overlay-type":"","overlay-color":"","overlay-opacity":"","overlay-gradient":""},"tablet":{"background-color":"","background-image":"","background-repeat":"repeat","background-position":"center center","background-size":"auto","background-attachment":"scroll","background-type":"","background-media":"","overlay-type":"","overlay-color":"","overlay-opacity":"","overlay-gradient":""},"mobile":{"background-color":"","background-image":"","background-repeat":"repeat","background-position":"center center","background-size":"auto","background-attachment":"scroll","background-type":"","background-media":"","overlay-type":"","overlay-color":"","overlay-opacity":"","overlay-gradient":""}},"ast-content-background-meta":{"desktop":{"background-color":"var(--ast-global-color-4)","background-image":"","background-repeat":"repeat","background-position":"center center","background-size":"auto","background-attachment":"scroll","background-type":"","background-media":"","overlay-type":"","overlay-color":"","overlay-opacity":"","overlay-gradient":""},"tablet":{"background-color":"var(--ast-global-color-4)","background-image":"","background-repeat":"repeat","background-position":"center center","background-size":"auto","background-attachment":"scroll","background-type":"","background-media":"","overlay-type":"","overlay-color":"","overlay-opacity":"","overlay-gradient":""},"mobile":{"background-color":"var(--ast-global-color-4)","background-image":"","background-repeat":"repeat","background-position":"center center","background-size":"auto","background-attachment":"scroll","background-type":"","background-media":"","overlay-type":"","overlay-color":"","overlay-opacity":"","overlay-gradient":""}},"footnotes":""},"class_list":["post-6371","page","type-page","status-publish","hentry"],"yoast_head":"<!-- This site is optimized with the Yoast SEO plugin v27.3 - https:\/\/yoast.com\/product\/yoast-seo-wordpress\/ -->\n<title>Le congr\u00e8s - Carest Network<\/title>\n<meta name=\"robots\" content=\"index, follow, max-snippet:-1, max-image-preview:large, max-video-preview:-1\" \/>\n<link rel=\"canonical\" href=\"https:\/\/carest-network.org\/en\/le-congres\/\" \/>\n<meta property=\"og:locale\" content=\"en_US\" \/>\n<meta property=\"og:type\" content=\"article\" \/>\n<meta property=\"og:title\" content=\"Le congr\u00e8s - Carest Network\" \/>\n<meta property=\"og:description\" content=\"Les congr\u00e8s 1er au 4 octobre 2025Ascat &#8211; 20th Annual Sickle Cell &amp; Thalassaemia Conf\u00e9rence3 au 6 juin 20255\u1d49 Congr\u00e8s [&hellip;]\" \/>\n<meta property=\"og:url\" content=\"https:\/\/carest-network.org\/en\/le-congres\/\" \/>\n<meta property=\"og:site_name\" content=\"Carest Network\" \/>\n<meta property=\"article:modified_time\" content=\"2026-03-16T20:06:51+00:00\" \/>\n<meta property=\"og:image\" content=\"https:\/\/carest-network.org\/wp-content\/uploads\/2026\/03\/carest-congres-ascat-2025.jpg\" \/>\n<meta name=\"twitter:card\" content=\"summary_large_image\" \/>\n<meta name=\"twitter:label1\" content=\"Est. reading time\" \/>\n\t<meta name=\"twitter:data1\" content=\"3 minutes\" \/>\n<script type=\"application\/ld+json\" class=\"yoast-schema-graph\">{\"@context\":\"https:\\\/\\\/schema.org\",\"@graph\":[{\"@type\":\"WebPage\",\"@id\":\"https:\\\/\\\/carest-network.org\\\/le-congres\\\/\",\"url\":\"https:\\\/\\\/carest-network.org\\\/le-congres\\\/\",\"name\":\"Le congr\u00e8s - Carest Network\",\"isPartOf\":{\"@id\":\"https:\\\/\\\/carest-network.org\\\/#website\"},\"primaryImageOfPage\":{\"@id\":\"https:\\\/\\\/carest-network.org\\\/le-congres\\\/#primaryimage\"},\"image\":{\"@id\":\"https:\\\/\\\/carest-network.org\\\/le-congres\\\/#primaryimage\"},\"thumbnailUrl\":\"https:\\\/\\\/carest-network.org\\\/wp-content\\\/uploads\\\/2026\\\/03\\\/carest-congres-ascat-2025.jpg\",\"datePublished\":\"2026-02-19T15:46:30+00:00\",\"dateModified\":\"2026-03-16T20:06:51+00:00\",\"breadcrumb\":{\"@id\":\"https:\\\/\\\/carest-network.org\\\/le-congres\\\/#breadcrumb\"},\"inLanguage\":\"en-US\",\"potentialAction\":[{\"@type\":\"ReadAction\",\"target\":[\"https:\\\/\\\/carest-network.org\\\/le-congres\\\/\"]}]},{\"@type\":\"ImageObject\",\"inLanguage\":\"en-US\",\"@id\":\"https:\\\/\\\/carest-network.org\\\/le-congres\\\/#primaryimage\",\"url\":\"https:\\\/\\\/carest-network.org\\\/wp-content\\\/uploads\\\/2026\\\/03\\\/carest-congres-ascat-2025.jpg\",\"contentUrl\":\"https:\\\/\\\/carest-network.org\\\/wp-content\\\/uploads\\\/2026\\\/03\\\/carest-congres-ascat-2025.jpg\"},{\"@type\":\"BreadcrumbList\",\"@id\":\"https:\\\/\\\/carest-network.org\\\/le-congres\\\/#breadcrumb\",\"itemListElement\":[{\"@type\":\"ListItem\",\"position\":1,\"name\":\"Accueil\",\"item\":\"https:\\\/\\\/carest-network.org\\\/\"},{\"@type\":\"ListItem\",\"position\":2,\"name\":\"Le congr\u00e8s\"}]},{\"@type\":\"WebSite\",\"@id\":\"https:\\\/\\\/carest-network.org\\\/#website\",\"url\":\"https:\\\/\\\/carest-network.org\\\/\",\"name\":\"Carest Network\",\"description\":\"CAribean network of REsearchers on Sickle cell disease and Thalassemia\",\"publisher\":{\"@id\":\"https:\\\/\\\/carest-network.org\\\/#organization\"},\"potentialAction\":[{\"@type\":\"SearchAction\",\"target\":{\"@type\":\"EntryPoint\",\"urlTemplate\":\"https:\\\/\\\/carest-network.org\\\/?s={search_term_string}\"},\"query-input\":{\"@type\":\"PropertyValueSpecification\",\"valueRequired\":true,\"valueName\":\"search_term_string\"}}],\"inLanguage\":\"en-US\"},{\"@type\":\"Organization\",\"@id\":\"https:\\\/\\\/carest-network.org\\\/#organization\",\"name\":\"Carest Network\",\"url\":\"https:\\\/\\\/carest-network.org\\\/\",\"logo\":{\"@type\":\"ImageObject\",\"inLanguage\":\"en-US\",\"@id\":\"https:\\\/\\\/carest-network.org\\\/#\\\/schema\\\/logo\\\/image\\\/\",\"url\":\"https:\\\/\\\/carest-network.org\\\/wp-content\\\/uploads\\\/2026\\\/01\\\/CAREST_logo.png\",\"contentUrl\":\"https:\\\/\\\/carest-network.org\\\/wp-content\\\/uploads\\\/2026\\\/01\\\/CAREST_logo.png\",\"width\":1402,\"height\":716,\"caption\":\"Carest Network\"},\"image\":{\"@id\":\"https:\\\/\\\/carest-network.org\\\/#\\\/schema\\\/logo\\\/image\\\/\"}}]}<\/script>\n<!-- \/ Yoast SEO plugin. -->","yoast_head_json":{"title":"Le congr\u00e8s - Carest Network","robots":{"index":"index","follow":"follow","max-snippet":"max-snippet:-1","max-image-preview":"max-image-preview:large","max-video-preview":"max-video-preview:-1"},"canonical":"https:\/\/carest-network.org\/en\/le-congres\/","og_locale":"en_US","og_type":"article","og_title":"Le congr\u00e8s - Carest Network","og_description":"Les congr\u00e8s 1er au 4 octobre 2025Ascat &#8211; 20th Annual Sickle Cell &amp; Thalassaemia Conf\u00e9rence3 au 6 juin 20255\u1d49 Congr\u00e8s [&hellip;]","og_url":"https:\/\/carest-network.org\/en\/le-congres\/","og_site_name":"Carest Network","article_modified_time":"2026-03-16T20:06:51+00:00","og_image":[{"url":"https:\/\/carest-network.org\/wp-content\/uploads\/2026\/03\/carest-congres-ascat-2025.jpg","type":"","width":"","height":""}],"twitter_card":"summary_large_image","twitter_misc":{"Est. reading time":"3 minutes"},"schema":{"@context":"https:\/\/schema.org","@graph":[{"@type":"WebPage","@id":"https:\/\/carest-network.org\/le-congres\/","url":"https:\/\/carest-network.org\/le-congres\/","name":"Le congr\u00e8s - Carest Network","isPartOf":{"@id":"https:\/\/carest-network.org\/#website"},"primaryImageOfPage":{"@id":"https:\/\/carest-network.org\/le-congres\/#primaryimage"},"image":{"@id":"https:\/\/carest-network.org\/le-congres\/#primaryimage"},"thumbnailUrl":"https:\/\/carest-network.org\/wp-content\/uploads\/2026\/03\/carest-congres-ascat-2025.jpg","datePublished":"2026-02-19T15:46:30+00:00","dateModified":"2026-03-16T20:06:51+00:00","breadcrumb":{"@id":"https:\/\/carest-network.org\/le-congres\/#breadcrumb"},"inLanguage":"en-US","potentialAction":[{"@type":"ReadAction","target":["https:\/\/carest-network.org\/le-congres\/"]}]},{"@type":"ImageObject","inLanguage":"en-US","@id":"https:\/\/carest-network.org\/le-congres\/#primaryimage","url":"https:\/\/carest-network.org\/wp-content\/uploads\/2026\/03\/carest-congres-ascat-2025.jpg","contentUrl":"https:\/\/carest-network.org\/wp-content\/uploads\/2026\/03\/carest-congres-ascat-2025.jpg"},{"@type":"BreadcrumbList","@id":"https:\/\/carest-network.org\/le-congres\/#breadcrumb","itemListElement":[{"@type":"ListItem","position":1,"name":"Accueil","item":"https:\/\/carest-network.org\/"},{"@type":"ListItem","position":2,"name":"Le congr\u00e8s"}]},{"@type":"WebSite","@id":"https:\/\/carest-network.org\/#website","url":"https:\/\/carest-network.org\/","name":"Carest Network","description":"CAribean network of REsearchers on Sickle cell disease and Thalassemia","publisher":{"@id":"https:\/\/carest-network.org\/#organization"},"potentialAction":[{"@type":"SearchAction","target":{"@type":"EntryPoint","urlTemplate":"https:\/\/carest-network.org\/?s={search_term_string}"},"query-input":{"@type":"PropertyValueSpecification","valueRequired":true,"valueName":"search_term_string"}}],"inLanguage":"en-US"},{"@type":"Organization","@id":"https:\/\/carest-network.org\/#organization","name":"Carest Network","url":"https:\/\/carest-network.org\/","logo":{"@type":"ImageObject","inLanguage":"en-US","@id":"https:\/\/carest-network.org\/#\/schema\/logo\/image\/","url":"https:\/\/carest-network.org\/wp-content\/uploads\/2026\/01\/CAREST_logo.png","contentUrl":"https:\/\/carest-network.org\/wp-content\/uploads\/2026\/01\/CAREST_logo.png","width":1402,"height":716,"caption":"Carest Network"},"image":{"@id":"https:\/\/carest-network.org\/#\/schema\/logo\/image\/"}}]}},"jetpack_sharing_enabled":true,"_links":{"self":[{"href":"https:\/\/carest-network.org\/en\/wp-json\/wp\/v2\/pages\/6371","targetHints":{"allow":["GET"]}}],"collection":[{"href":"https:\/\/carest-network.org\/en\/wp-json\/wp\/v2\/pages"}],"about":[{"href":"https:\/\/carest-network.org\/en\/wp-json\/wp\/v2\/types\/page"}],"author":[{"embeddable":true,"href":"https:\/\/carest-network.org\/en\/wp-json\/wp\/v2\/users\/45"}],"replies":[{"embeddable":true,"href":"https:\/\/carest-network.org\/en\/wp-json\/wp\/v2\/comments?post=6371"}],"version-history":[{"count":17,"href":"https:\/\/carest-network.org\/en\/wp-json\/wp\/v2\/pages\/6371\/revisions"}],"predecessor-version":[{"id":6863,"href":"https:\/\/carest-network.org\/en\/wp-json\/wp\/v2\/pages\/6371\/revisions\/6863"}],"wp:attachment":[{"href":"https:\/\/carest-network.org\/en\/wp-json\/wp\/v2\/media?parent=6371"}],"curies":[{"name":"wp","href":"https:\/\/api.w.org\/{rel}","templated":true}]}}