{"id":5457,"date":"2021-11-12T14:52:51","date_gmt":"2021-11-12T18:52:51","guid":{"rendered":"https:\/\/carest-network.org\/?page_id=5457"},"modified":"2026-01-14T16:24:00","modified_gmt":"2026-01-14T20:24:00","slug":"mentions-legales","status":"publish","type":"page","link":"https:\/\/carest-network.org\/en\/mentions-legales\/","title":{"rendered":"Legal notice"},"content":{"rendered":"<div class=\"wp-block-group is-layout-constrained wp-block-group-is-layout-constrained\">\n<h2 class=\"wp-block-heading\">\u00c9dition du site<\/h2>\n\n\n\n<p>En vertu de <a href=\"https:\/\/www.legifrance.gouv.fr\/affichTexte.do?cidTexte=JORFTEXT000000801164#LEGIARTI000042038977\">l\u2019article 6 de la loi n\u00b0 2004-575 du 21 juin 2004<\/a> pour la confiance dans l\u2019\u00e9conomie num\u00e9rique, il est pr\u00e9cis\u00e9 aux utilisateurs du site internet <a href=\"https:\/\/carest-network.org\/en\/\">https:\/\/carest-network.org\/<\/a> l\u2019identit\u00e9 des diff\u00e9rents intervenants dans le cadre de sa r\u00e9alisation et de son suivi :<\/p>\n\n\n\n<ul class=\"wp-block-list\">\n<li><strong>Propri\u00e9taire du site : <\/strong>CAREST NETWORK \u2013 Contact : <a href=\"mailto:carest.org@gmail.com\">carest.org@gmail.com<\/a> \u2013 Adresse : Inserm U 1134, H\u00f4pital Ricou, CHU de Pointe-\u00e0-Pitre, 97159 Pointe-\u00e0-Pitre CEDEX Guadeloupe.<\/li>\n\n\n\n<li><strong>Identification de l\u2019entreprise :<\/strong> Association d\u00e9clar\u00e9e CAREST NETWORK  &#8211; SIREN : 750328817 \u2013 RCS ou RM : 75032881700010 &#8211; Adresse postale : Inserm U 1134, H\u00f4pital Ricou, CHU de Pointe-\u00e0-Pitre, 97159 Pointe-\u00e0-Pitre CEDEX Guadeloupe.<\/li>\n\n\n\n<li><strong>Directeur de la publication : Yann LAMARRE<\/strong>  <a href=\"mailto:carest.org@gmail.com\">carest.org@gmail.com<\/a><\/li>\n\n\n\n<li><strong>H\u00e9bergeur :<\/strong> OVH SAS \u2013 2 rue Kellermann \u2013 BP 80157 \u2013 59053 Roubaix Cedex 1 \u2013 T\u00e9l\u00e9phone : 1007<\/li>\n\n\n\n<li><strong>D\u00e9l\u00e9gu\u00e9 \u00e0 la protection des donn\u00e9es : <\/strong>Marie-Dominique HARDY-DESSOURCES \u2013 <a href=\"mailto:carest.org@gmail.com\">carest.org@gmail.com<\/a><\/li>\n<\/ul>\n\n\n\n<hr class=\"wp-block-separator has-css-opacity\"\/>\n\n\n\n<h2 class=\"wp-block-heading\">Propri\u00e9t\u00e9 intellectuelle et contrefa\u00e7ons.<\/h2>\n\n\n\n<p><strong>CAREST NETWORK<\/strong> est propri\u00e9taire des droits de propri\u00e9t\u00e9 intellectuelle et d\u00e9tient les droits d\u2019usage sur tous les \u00e9l\u00e9ments accessibles sur le site internet, notamment les textes, images, graphismes, logos, vid\u00e9os, architecture, ic\u00f4nes et sons.<br>Toute reproduction, repr\u00e9sentation, modification, publication, adaptation de tout ou une partie des \u00e9l\u00e9ments du site, quel que soit le moyen ou le proc\u00e9d\u00e9 utilis\u00e9, est interdite, sauf autorisation \u00e9crite pr\u00e9alable de <strong>CAREST NETWORK<\/strong>.<br>Toute exploitation non autoris\u00e9e du site ou de l\u2019un quelconque des \u00e9l\u00e9ments qu\u2019il contient sera consid\u00e9r\u00e9e comme constitutive d\u2019une contrefa\u00e7on et poursuivie conform\u00e9ment aux dispositions des articles <a href=\"https:\/\/www.legifrance.gouv.fr\/affichCodeArticle.do?idArticle=LEGIARTI000032655082&amp;cidTexte=LEGITEXT000006069414&amp;dateTexte=20160605\">L.335-2 et suivants du Code de Propri\u00e9t\u00e9 Intellectuelle<\/a>.<\/p>\n\n\n\n<hr class=\"wp-block-separator has-css-opacity\"\/>\n\n\n\n<h2 class=\"wp-block-heading\">Limitations de responsabilit\u00e9.<\/h2>\n\n\n\n<p><strong>CAREST NETWORK<\/strong> ne pourra \u00eatre tenu pour responsable des dommages directs et indirects caus\u00e9s au mat\u00e9riel de l\u2019utilisateur, lors de l\u2019acc\u00e8s au site <a href=\"https:\/\/carest-network.org\/en\/\">https:\/\/carest-network.org\/<\/a><br><strong>CAREST NETWORK<\/strong> d\u00e9cline toute responsabilit\u00e9 quant \u00e0 l\u2019utilisation qui pourrait \u00eatre faite des informations et contenus pr\u00e9sents sur <a href=\"https:\/\/carest-network.org\/en\/\">https:\/\/carest-network.org\/<\/a>.<br><strong>CAREST NETWORK<\/strong> s\u2019engage \u00e0 s\u00e9curiser au mieux le site <a href=\"https:\/\/carest-network.org\/en\/\">https:\/\/carest-network.org\/<\/a>, cependant sa responsabilit\u00e9 ne pourra \u00eatre mise en cause si des donn\u00e9es ind\u00e9sirables sont import\u00e9es et install\u00e9es sur son site \u00e0 son insu.<br>Des espaces interactifs (espace contact ou commentaires) sont \u00e0 la disposition des utilisateurs. <strong>CAREST NETWORK<\/strong> se r\u00e9serve le droit de supprimer, sans mise en demeure pr\u00e9alable, tout contenu d\u00e9pos\u00e9 dans cet espace qui contreviendrait \u00e0 la l\u00e9gislation applicable en France, en particulier aux dispositions relatives \u00e0 la protection des donn\u00e9es.<br>Le cas \u00e9ch\u00e9ant, <strong>CAREST NETWORK<\/strong> se r\u00e9serve \u00e9galement la possibilit\u00e9 de mettre en cause la responsabilit\u00e9 civile et\/ou p\u00e9nale de l\u2019utilisateur, notamment en cas de message \u00e0 caract\u00e8re raciste, injurieux, diffamant, ou pornographique, quel que soit le support utilis\u00e9 (texte, photographie \u2026).<\/p>\n\n\n\n<hr class=\"wp-block-separator has-css-opacity\"\/>\n\n\n\n<h2 class=\"wp-block-heading\">CNIL et gestion des donn\u00e9es personnelles.<\/h2>\n\n\n\n<p>Conform\u00e9ment aux dispositions de <a href=\"https:\/\/www.legifrance.gouv.fr\/affichTexte.do?cidTexte=JORFTEXT000000886460\">la loi 78-17 du 6 janvier 1978 modifi\u00e9e<\/a>, l\u2019utilisateur du site <a href=\"https:\/\/carest-network.org\/en\/\">https:\/\/carest-network.org\/<\/a> dispose d\u2019un droit d\u2019acc\u00e8s, de modification et de suppression des informations collect\u00e9es. Pour exercer ce droit, envoyez un message \u00e0 notre D\u00e9l\u00e9gu\u00e9 \u00e0 la Protection des Donn\u00e9es : <strong>Marie-Dominique HARDY-DESSOURCES<\/strong> \u2013 <a href=\"mailto:carest.org@gmail.com\"><strong>carest.org@gmail.com<\/strong><\/a>.<br>Pour plus d\u2019informations sur la fa\u00e7on dont nous traitons vos donn\u00e9es (type de donn\u00e9es, finalit\u00e9, destinataire\u2026), lisez notre <a href=\"https:\/\/carest-network.org\/en\/?page_id=5454\">Politique de Confidentialit\u00e9<\/a>.<br>Il est \u00e9galement possible de <a href=\"https:\/\/www.cnil.fr\/fr\/plaintes\">d\u00e9poser une r\u00e9clamation aupr\u00e8s de la CNIL<\/a>.<\/p>\n\n\n\n<hr class=\"wp-block-separator has-css-opacity\"\/>\n\n\n\n<h2 class=\"wp-block-heading\">Liens hypertextes et cookies<\/h2>\n\n\n\n<p>Le site <a href=\"http:\/\/https\/\/carest-network.org\/\">https:\/\/carest-network.org\/<\/a> contient des liens hypertextes vers d\u2019autres sites et d\u00e9gage toute responsabilit\u00e9 \u00e0 propos de ces liens externes ou des liens cr\u00e9\u00e9s par d\u2019autres sites vers <a href=\"http:\/\/https\/\/carest-network.org\/\">https:\/\/carest-network.org\/<\/a> .<br>La navigation sur le site <a href=\"https:\/\/carest-network.org\/en\/\">https:\/\/carest-network.org\/<\/a> est susceptible de provoquer l\u2019installation de cookie(s) sur l\u2019ordinateur de l\u2019utilisateur.<br>Un \u201ccookie\u201d est un fichier de petite taille qui enregistre des informations relatives \u00e0 la navigation d\u2019un utilisateur sur un site. Les donn\u00e9es ainsi obtenues permettent d\u2019obtenir des mesures de fr\u00e9quentation, par exemple.<br>Vous avez la possibilit\u00e9 <strong>d\u2019accepter ou de refuser les cookies<\/strong> en modifiant les param\u00e8tres de votre navigateur. Aucun cookie ne sera d\u00e9pos\u00e9 sans votre consentement.<br>Les cookies sont enregistr\u00e9s pour une dur\u00e9e maximale de 12 mois.<br>Pour plus d\u2019informations sur la fa\u00e7on dont nous faisons usage des cookies, lisez notre <a href=\"https:\/\/carest-network.org\/en\/?page_id=5454\">Politique de Confidentialit\u00e9<\/a>.<\/p>\n\n\n\n<hr class=\"wp-block-separator has-css-opacity\"\/>\n\n\n\n<h2 class=\"wp-block-heading\">Droit applicable et attribution de juridiction.<\/h2>\n\n\n\n<p>Tout litige en relation avec l\u2019utilisation du site <a href=\"https:\/\/carest-network.org\/en\/\">https:\/\/carest-network.org\/<\/a> est soumis au droit fran\u00e7ais. En dehors des cas o\u00f9 la loi ne le permet pas, il est fait attribution exclusive de juridiction aux tribunaux comp\u00e9tents de <strong>Pointe-\u00e0-Pitre<\/strong>.<\/p>\n<\/div>","protected":false},"excerpt":{"rendered":"<p>\u00c9dition du site En vertu de l\u2019article 6 de la loi n\u00b0 2004-575 du 21 juin 2004 pour la confiance [&hellip;]<\/p>\n","protected":false},"author":45,"featured_media":0,"parent":0,"menu_order":0,"comment_status":"closed","ping_status":"closed","template":"","meta":{"site-sidebar-layout":"default","site-content-layout":"","ast-site-content-layout":"default","site-content-style":"default","site-sidebar-style":"default","ast-global-header-display":"","ast-banner-title-visibility":"","ast-main-header-display":"","ast-hfb-above-header-display":"","ast-hfb-below-header-display":"","ast-hfb-mobile-header-display":"","site-post-title":"","ast-breadcrumbs-content":"","ast-featured-img":"","footer-sml-layout":"","ast-disable-related-posts":"","theme-transparent-header-meta":"","adv-header-id-meta":"","stick-header-meta":"","header-above-stick-meta":"","header-main-stick-meta":"","header-below-stick-meta":"","astra-migrate-meta-layouts":"default","ast-page-background-enabled":"default","ast-page-background-meta":{"desktop":{"background-color":"var(--ast-global-color-5)","background-image":"","background-repeat":"repeat","background-position":"center center","background-size":"auto","background-attachment":"scroll","background-type":"","background-media":"","overlay-type":"","overlay-color":"","overlay-opacity":"","overlay-gradient":""},"tablet":{"background-color":"","background-image":"","background-repeat":"repeat","background-position":"center center","background-size":"auto","background-attachment":"scroll","background-type":"","background-media":"","overlay-type":"","overlay-color":"","overlay-opacity":"","overlay-gradient":""},"mobile":{"background-color":"","background-image":"","background-repeat":"repeat","background-position":"center center","background-size":"auto","background-attachment":"scroll","background-type":"","background-media":"","overlay-type":"","overlay-color":"","overlay-opacity":"","overlay-gradient":""}},"ast-content-background-meta":{"desktop":{"background-color":"var(--ast-global-color-4)","background-image":"","background-repeat":"repeat","background-position":"center center","background-size":"auto","background-attachment":"scroll","background-type":"","background-media":"","overlay-type":"","overlay-color":"","overlay-opacity":"","overlay-gradient":""},"tablet":{"background-color":"var(--ast-global-color-4)","background-image":"","background-repeat":"repeat","background-position":"center center","background-size":"auto","background-attachment":"scroll","background-type":"","background-media":"","overlay-type":"","overlay-color":"","overlay-opacity":"","overlay-gradient":""},"mobile":{"background-color":"var(--ast-global-color-4)","background-image":"","background-repeat":"repeat","background-position":"center center","background-size":"auto","background-attachment":"scroll","background-type":"","background-media":"","overlay-type":"","overlay-color":"","overlay-opacity":"","overlay-gradient":""}},"footnotes":""},"class_list":["post-5457","page","type-page","status-publish","hentry"],"yoast_head":"<!-- This site is optimized with the Yoast SEO plugin v27.3 - https:\/\/yoast.com\/product\/yoast-seo-wordpress\/ -->\n<title>Mentions l\u00e9gales - Carest Network<\/title>\n<meta name=\"robots\" content=\"index, follow, max-snippet:-1, max-image-preview:large, max-video-preview:-1\" \/>\n<link rel=\"canonical\" href=\"https:\/\/carest-network.org\/en\/mentions-legales\/\" \/>\n<meta property=\"og:locale\" content=\"en_US\" \/>\n<meta property=\"og:type\" content=\"article\" \/>\n<meta property=\"og:title\" content=\"Mentions l\u00e9gales - Carest Network\" \/>\n<meta property=\"og:description\" content=\"\u00c9dition du site En vertu de l\u2019article 6 de la loi n\u00b0 2004-575 du 21 juin 2004 pour la confiance [&hellip;]\" \/>\n<meta property=\"og:url\" content=\"https:\/\/carest-network.org\/en\/mentions-legales\/\" \/>\n<meta property=\"og:site_name\" content=\"Carest Network\" \/>\n<meta property=\"article:modified_time\" content=\"2026-01-14T20:24:00+00:00\" \/>\n<meta property=\"og:image\" content=\"https:\/\/carest-network.org\/wp-content\/uploads\/2026\/01\/CAREST_logo.png\" \/>\n\t<meta property=\"og:image:width\" content=\"1402\" \/>\n\t<meta property=\"og:image:height\" content=\"716\" \/>\n\t<meta property=\"og:image:type\" content=\"image\/png\" \/>\n<meta name=\"twitter:card\" content=\"summary_large_image\" \/>\n<meta name=\"twitter:label1\" content=\"Est. reading time\" \/>\n\t<meta name=\"twitter:data1\" content=\"4 minutes\" \/>\n<script type=\"application\/ld+json\" class=\"yoast-schema-graph\">{\"@context\":\"https:\\\/\\\/schema.org\",\"@graph\":[{\"@type\":\"WebPage\",\"@id\":\"https:\\\/\\\/carest-network.org\\\/mentions-legales\\\/\",\"url\":\"https:\\\/\\\/carest-network.org\\\/mentions-legales\\\/\",\"name\":\"Mentions l\u00e9gales - Carest Network\",\"isPartOf\":{\"@id\":\"https:\\\/\\\/carest-network.org\\\/#website\"},\"datePublished\":\"2021-11-12T18:52:51+00:00\",\"dateModified\":\"2026-01-14T20:24:00+00:00\",\"breadcrumb\":{\"@id\":\"https:\\\/\\\/carest-network.org\\\/mentions-legales\\\/#breadcrumb\"},\"inLanguage\":\"en-US\",\"potentialAction\":[{\"@type\":\"ReadAction\",\"target\":[\"https:\\\/\\\/carest-network.org\\\/mentions-legales\\\/\"]}]},{\"@type\":\"BreadcrumbList\",\"@id\":\"https:\\\/\\\/carest-network.org\\\/mentions-legales\\\/#breadcrumb\",\"itemListElement\":[{\"@type\":\"ListItem\",\"position\":1,\"name\":\"Accueil\",\"item\":\"https:\\\/\\\/carest-network.org\\\/\"},{\"@type\":\"ListItem\",\"position\":2,\"name\":\"Mentions l\u00e9gales\"}]},{\"@type\":\"WebSite\",\"@id\":\"https:\\\/\\\/carest-network.org\\\/#website\",\"url\":\"https:\\\/\\\/carest-network.org\\\/\",\"name\":\"Carest Network\",\"description\":\"CAribean network of REsearchers on Sickle cell disease and Thalassemia\",\"publisher\":{\"@id\":\"https:\\\/\\\/carest-network.org\\\/#organization\"},\"potentialAction\":[{\"@type\":\"SearchAction\",\"target\":{\"@type\":\"EntryPoint\",\"urlTemplate\":\"https:\\\/\\\/carest-network.org\\\/?s={search_term_string}\"},\"query-input\":{\"@type\":\"PropertyValueSpecification\",\"valueRequired\":true,\"valueName\":\"search_term_string\"}}],\"inLanguage\":\"en-US\"},{\"@type\":\"Organization\",\"@id\":\"https:\\\/\\\/carest-network.org\\\/#organization\",\"name\":\"Carest Network\",\"url\":\"https:\\\/\\\/carest-network.org\\\/\",\"logo\":{\"@type\":\"ImageObject\",\"inLanguage\":\"en-US\",\"@id\":\"https:\\\/\\\/carest-network.org\\\/#\\\/schema\\\/logo\\\/image\\\/\",\"url\":\"https:\\\/\\\/carest-network.org\\\/wp-content\\\/uploads\\\/2026\\\/01\\\/CAREST_logo.png\",\"contentUrl\":\"https:\\\/\\\/carest-network.org\\\/wp-content\\\/uploads\\\/2026\\\/01\\\/CAREST_logo.png\",\"width\":1402,\"height\":716,\"caption\":\"Carest Network\"},\"image\":{\"@id\":\"https:\\\/\\\/carest-network.org\\\/#\\\/schema\\\/logo\\\/image\\\/\"}}]}<\/script>\n<!-- \/ Yoast SEO plugin. -->","yoast_head_json":{"title":"Mentions l\u00e9gales - Carest Network","robots":{"index":"index","follow":"follow","max-snippet":"max-snippet:-1","max-image-preview":"max-image-preview:large","max-video-preview":"max-video-preview:-1"},"canonical":"https:\/\/carest-network.org\/en\/mentions-legales\/","og_locale":"en_US","og_type":"article","og_title":"Mentions l\u00e9gales - Carest Network","og_description":"\u00c9dition du site En vertu de l\u2019article 6 de la loi n\u00b0 2004-575 du 21 juin 2004 pour la confiance [&hellip;]","og_url":"https:\/\/carest-network.org\/en\/mentions-legales\/","og_site_name":"Carest Network","article_modified_time":"2026-01-14T20:24:00+00:00","og_image":[{"width":1402,"height":716,"url":"https:\/\/carest-network.org\/wp-content\/uploads\/2026\/01\/CAREST_logo.png","type":"image\/png"}],"twitter_card":"summary_large_image","twitter_misc":{"Est. reading time":"4 minutes"},"schema":{"@context":"https:\/\/schema.org","@graph":[{"@type":"WebPage","@id":"https:\/\/carest-network.org\/mentions-legales\/","url":"https:\/\/carest-network.org\/mentions-legales\/","name":"Mentions l\u00e9gales - Carest Network","isPartOf":{"@id":"https:\/\/carest-network.org\/#website"},"datePublished":"2021-11-12T18:52:51+00:00","dateModified":"2026-01-14T20:24:00+00:00","breadcrumb":{"@id":"https:\/\/carest-network.org\/mentions-legales\/#breadcrumb"},"inLanguage":"en-US","potentialAction":[{"@type":"ReadAction","target":["https:\/\/carest-network.org\/mentions-legales\/"]}]},{"@type":"BreadcrumbList","@id":"https:\/\/carest-network.org\/mentions-legales\/#breadcrumb","itemListElement":[{"@type":"ListItem","position":1,"name":"Accueil","item":"https:\/\/carest-network.org\/"},{"@type":"ListItem","position":2,"name":"Mentions l\u00e9gales"}]},{"@type":"WebSite","@id":"https:\/\/carest-network.org\/#website","url":"https:\/\/carest-network.org\/","name":"Carest Network","description":"CAribean network of REsearchers on Sickle cell disease and Thalassemia","publisher":{"@id":"https:\/\/carest-network.org\/#organization"},"potentialAction":[{"@type":"SearchAction","target":{"@type":"EntryPoint","urlTemplate":"https:\/\/carest-network.org\/?s={search_term_string}"},"query-input":{"@type":"PropertyValueSpecification","valueRequired":true,"valueName":"search_term_string"}}],"inLanguage":"en-US"},{"@type":"Organization","@id":"https:\/\/carest-network.org\/#organization","name":"Carest Network","url":"https:\/\/carest-network.org\/","logo":{"@type":"ImageObject","inLanguage":"en-US","@id":"https:\/\/carest-network.org\/#\/schema\/logo\/image\/","url":"https:\/\/carest-network.org\/wp-content\/uploads\/2026\/01\/CAREST_logo.png","contentUrl":"https:\/\/carest-network.org\/wp-content\/uploads\/2026\/01\/CAREST_logo.png","width":1402,"height":716,"caption":"Carest Network"},"image":{"@id":"https:\/\/carest-network.org\/#\/schema\/logo\/image\/"}}]}},"jetpack_sharing_enabled":true,"_links":{"self":[{"href":"https:\/\/carest-network.org\/en\/wp-json\/wp\/v2\/pages\/5457","targetHints":{"allow":["GET"]}}],"collection":[{"href":"https:\/\/carest-network.org\/en\/wp-json\/wp\/v2\/pages"}],"about":[{"href":"https:\/\/carest-network.org\/en\/wp-json\/wp\/v2\/types\/page"}],"author":[{"embeddable":true,"href":"https:\/\/carest-network.org\/en\/wp-json\/wp\/v2\/users\/45"}],"replies":[{"embeddable":true,"href":"https:\/\/carest-network.org\/en\/wp-json\/wp\/v2\/comments?post=5457"}],"version-history":[{"count":10,"href":"https:\/\/carest-network.org\/en\/wp-json\/wp\/v2\/pages\/5457\/revisions"}],"predecessor-version":[{"id":6160,"href":"https:\/\/carest-network.org\/en\/wp-json\/wp\/v2\/pages\/5457\/revisions\/6160"}],"wp:attachment":[{"href":"https:\/\/carest-network.org\/en\/wp-json\/wp\/v2\/media?parent=5457"}],"curies":[{"name":"wp","href":"https:\/\/api.w.org\/{rel}","templated":true}]}}