{"id":5454,"date":"2021-11-12T14:52:26","date_gmt":"2021-11-12T18:52:26","guid":{"rendered":"https:\/\/carest-network.org\/?page_id=5454"},"modified":"2026-01-14T16:23:16","modified_gmt":"2026-01-14T20:23:16","slug":"politique-de-confidentialite","status":"publish","type":"page","link":"https:\/\/carest-network.org\/en\/politique-de-confidentialite\/","title":{"rendered":"Politique de confidentialit\u00e9"},"content":{"rendered":"<div class=\"wp-block-group is-layout-constrained wp-block-group-is-layout-constrained\">\n<h4 class=\"wp-block-heading\">Introduction<\/h4>\n\n\n\n<p>Devant le d\u00e9veloppement des nouveaux outils de communication, il est n\u00e9cessaire de porter une attention particuli\u00e8re \u00e0 la protection de la vie priv\u00e9e. C\u2019est pourquoi, nous nous engageons \u00e0 respecter la confidentialit\u00e9 des renseignements personnels que nous collectons.<\/p>\n\n\n\n<h4 class=\"wp-block-heading\">Collecte des renseignements personnels<\/h4>\n\n\n\n<ul class=\"wp-block-list\">\n<li>Nom et pr\u00e9nom<\/li>\n\n\n\n<li>Date de naissance<\/li>\n\n\n\n<li>Fonction<\/li>\n\n\n\n<li>Institution<\/li>\n\n\n\n<li>Adresse postale<\/li>\n\n\n\n<li>Code postal<\/li>\n\n\n\n<li>Adresse \u00e9lectronique<\/li>\n\n\n\n<li>Num\u00e9ro de t\u00e9l\u00e9phone \/ t\u00e9l\u00e9copieur<\/li>\n<\/ul>\n\n\n\n<p>Les renseignements personnels que nous collectons sont recueillis au travers de formulaires remplis et gr\u00e2ce \u00e0 l\u2019interactivit\u00e9 \u00e9tablie entre l\u2019utilisateur et le site internet carest-nework.org. CAREST NETWORK utilise \u00e9galement, comme indiqu\u00e9 dans la section suivante, des fichiers t\u00e9moins et\/ou journaux pour r\u00e9unir des informations concernant les utilisateurs.<\/p>\n\n\n\n<h4 class=\"wp-block-heading\">Formulaires et interactivit\u00e9:<\/h4>\n\n\n\n<p>Vos renseignements personnels sont collect\u00e9s par le biais de formulaire, \u00e0 savoir :<\/p>\n\n\n\n<ul class=\"wp-block-list\">\n<li>Formulaire d\u2019inscription en tant que membre<\/li>\n\n\n\n<li>Formulaire de don<\/li>\n\n\n\n<li>Formulaire de contact<\/li>\n<\/ul>\n\n\n\n<p>Nous utilisons les renseignements ainsi collect\u00e9s pour les finalit\u00e9s suivantes :<\/p>\n\n\n\n<ul class=\"wp-block-list\">\n<li>Don<\/li>\n\n\n\n<li>Inscription<\/li>\n\n\n\n<li>Informations<\/li>\n\n\n\n<li>Statistiques<\/li>\n\n\n\n<li>Contact<\/li>\n<\/ul>\n\n\n\n<p>Vos renseignements sont \u00e9galement collect\u00e9s par le biais de l\u2019interactivit\u00e9 pouvant s\u2019\u00e9tablir entre vous et le site carest-network.org et ce, de la fa\u00e7on suivante :<\/p>\n\n\n\n<ul class=\"wp-block-list\">\n<li>Commentaires<\/li>\n\n\n\n<li>Correspondance<\/li>\n<\/ul>\n\n\n\n<p>Nous utilisons les renseignements ainsi collect\u00e9s pour les finalit\u00e9s suivantes :<\/p>\n\n\n\n<ul class=\"wp-block-list\">\n<li>Don<\/li>\n\n\n\n<li>Inscription<\/li>\n\n\n\n<li>Informations<\/li>\n\n\n\n<li>Statistique<\/li>\n\n\n\n<li>Contact<\/li>\n<\/ul>\n\n\n\n<h4 class=\"wp-block-heading\">Droit d\u2019opposition et de retrait<\/h4>\n\n\n\n<p>Nous nous engageons \u00e0 vous offrir un droit d\u2019opposition et de retrait quant \u00e0 vos renseignements personnels.<br>\nLe droit d\u2019opposition s\u2019entend comme \u00e9tant la possibilit\u00e9 offerte aux internautes de refuser que leurs renseignements personnels soient utilis\u00e9es \u00e0 certaines fins mentionn\u00e9es lors de la collecte.<br>\nLe droit de retrait s\u2019entend comme \u00e9tant la possibilit\u00e9 offerte aux internautes de demander \u00e0 ce que leurs renseignements personnels ne figurent plus, par exemple, dans une liste de diffusion.<\/p>\n\n\n\n<p>Pour pouvoir exercer ces droits, vous pouvez :<br>\nCode postal : 97159<br>\nCourriel : carest.org@gmail.com<br>\nSection du site web : https:\/\/carest-network.org\/<\/p>\n\n\n\n<h4 class=\"wp-block-heading\">Droit d\u2019acc\u00e8s<\/h4>\n\n\n\n<p>Nous nous engageons \u00e0 reconna\u00eetre un droit d\u2019acc\u00e8s et de rectification aux personnes concern\u00e9es d\u00e9sireuses de consulter, modifier, voire radier les informations les concernant.<br>\nL\u2019exercice de ce droit se fera :<br>\nCode postal : 97159<br>\nCourriel : carest.org@gmail.com<\/p>\n\n\n\n<h4 class=\"wp-block-heading\">S\u00e9curit\u00e9<\/h4>\n\n\n\n<p>Les renseignements personnels que nous collectons sont conserv\u00e9s dans un environnement s\u00e9curis\u00e9.<br>\nLes personnes travaillant pour CAREST NETWORK sont tenues de respecter la confidentialit\u00e9 de vos informations.<br>\nPour assurer la s\u00e9curit\u00e9 de vos renseignements personnels, nous avons recours aux mesures suivantes :<\/p>\n\n\n\n<ul class=\"wp-block-list\">\n<li>Protocole SSL<\/li>\n\n\n\n<li>Protocole SET<\/li>\n\n\n\n<li>Gestion des acc\u00e8s \u2013 personne autoris\u00e9e<\/li>\n\n\n\n<li>Gestion des acc\u00e8s \u2013 personne concern\u00e9e<\/li>\n\n\n\n<li>Logiciel de surveillance du r\u00e9seau<\/li>\n\n\n\n<li>Sauvegarde informatique<\/li>\n\n\n\n<li>Identifiant \/ mot de passe<\/li>\n\n\n\n<li>Pare-feu<\/li>\n<\/ul>\n\n\n\n<p>Nous mettons en \u0153uvre des mesures techniques et organisationnelles avanc\u00e9es afin de prot\u00e9ger la confidentialit\u00e9 et la s\u00e9curit\u00e9 de vos donn\u00e9es personnelles, en nous appuyant sur les technologies les plus r\u00e9centes. N\u00e9anmoins, la transmission d\u2019informations via Internet n\u2019\u00e9tant jamais totalement s\u00e9curis\u00e9e, un risque r\u00e9siduel demeure malgr\u00e9 tous les moyens d\u00e9ploy\u00e9s pour en limiter l\u2019exposition.<\/p>\n<\/div>","protected":false},"excerpt":{"rendered":"<p>Introduction Devant le d\u00e9veloppement des nouveaux outils de communication, il est n\u00e9cessaire de porter une attention particuli\u00e8re \u00e0 la protection [&hellip;]<\/p>\n","protected":false},"author":45,"featured_media":0,"parent":0,"menu_order":0,"comment_status":"closed","ping_status":"closed","template":"","meta":{"site-sidebar-layout":"default","site-content-layout":"","ast-site-content-layout":"default","site-content-style":"default","site-sidebar-style":"default","ast-global-header-display":"","ast-banner-title-visibility":"","ast-main-header-display":"","ast-hfb-above-header-display":"","ast-hfb-below-header-display":"","ast-hfb-mobile-header-display":"","site-post-title":"","ast-breadcrumbs-content":"","ast-featured-img":"","footer-sml-layout":"","ast-disable-related-posts":"","theme-transparent-header-meta":"default","adv-header-id-meta":"","stick-header-meta":"","header-above-stick-meta":"","header-main-stick-meta":"","header-below-stick-meta":"","astra-migrate-meta-layouts":"set","ast-page-background-enabled":"default","ast-page-background-meta":{"desktop":{"background-color":"var(--ast-global-color-5)","background-image":"","background-repeat":"repeat","background-position":"center center","background-size":"auto","background-attachment":"scroll","background-type":"","background-media":"","overlay-type":"","overlay-color":"","overlay-opacity":"","overlay-gradient":""},"tablet":{"background-color":"","background-image":"","background-repeat":"repeat","background-position":"center center","background-size":"auto","background-attachment":"scroll","background-type":"","background-media":"","overlay-type":"","overlay-color":"","overlay-opacity":"","overlay-gradient":""},"mobile":{"background-color":"","background-image":"","background-repeat":"repeat","background-position":"center center","background-size":"auto","background-attachment":"scroll","background-type":"","background-media":"","overlay-type":"","overlay-color":"","overlay-opacity":"","overlay-gradient":""}},"ast-content-background-meta":{"desktop":{"background-color":"var(--ast-global-color-4)","background-image":"","background-repeat":"repeat","background-position":"center center","background-size":"auto","background-attachment":"scroll","background-type":"","background-media":"","overlay-type":"","overlay-color":"","overlay-opacity":"","overlay-gradient":""},"tablet":{"background-color":"var(--ast-global-color-4)","background-image":"","background-repeat":"repeat","background-position":"center center","background-size":"auto","background-attachment":"scroll","background-type":"","background-media":"","overlay-type":"","overlay-color":"","overlay-opacity":"","overlay-gradient":""},"mobile":{"background-color":"var(--ast-global-color-4)","background-image":"","background-repeat":"repeat","background-position":"center center","background-size":"auto","background-attachment":"scroll","background-type":"","background-media":"","overlay-type":"","overlay-color":"","overlay-opacity":"","overlay-gradient":""}},"footnotes":""},"class_list":["post-5454","page","type-page","status-publish","hentry"],"yoast_head":"<!-- This site is optimized with the Yoast SEO plugin v27.3 - https:\/\/yoast.com\/product\/yoast-seo-wordpress\/ -->\n<title>Politique de confidentialit\u00e9 - Carest Network<\/title>\n<meta name=\"robots\" content=\"index, follow, max-snippet:-1, max-image-preview:large, max-video-preview:-1\" \/>\n<link rel=\"canonical\" href=\"https:\/\/carest-network.org\/en\/politique-de-confidentialite\/\" \/>\n<meta property=\"og:locale\" content=\"en_US\" \/>\n<meta property=\"og:type\" content=\"article\" \/>\n<meta property=\"og:title\" content=\"Politique de confidentialit\u00e9 - Carest Network\" \/>\n<meta property=\"og:description\" content=\"Introduction Devant le d\u00e9veloppement des nouveaux outils de communication, il est n\u00e9cessaire de porter une attention particuli\u00e8re \u00e0 la protection [&hellip;]\" \/>\n<meta property=\"og:url\" content=\"https:\/\/carest-network.org\/en\/politique-de-confidentialite\/\" \/>\n<meta property=\"og:site_name\" content=\"Carest Network\" \/>\n<meta property=\"article:modified_time\" content=\"2026-01-14T20:23:16+00:00\" \/>\n<meta property=\"og:image\" content=\"https:\/\/carest-network.org\/wp-content\/uploads\/2026\/01\/CAREST_logo.png\" \/>\n\t<meta property=\"og:image:width\" content=\"1402\" \/>\n\t<meta property=\"og:image:height\" content=\"716\" \/>\n\t<meta property=\"og:image:type\" content=\"image\/png\" \/>\n<meta name=\"twitter:card\" content=\"summary_large_image\" \/>\n<meta name=\"twitter:label1\" content=\"Est. reading time\" \/>\n\t<meta name=\"twitter:data1\" content=\"3 minutes\" \/>\n<script type=\"application\/ld+json\" class=\"yoast-schema-graph\">{\"@context\":\"https:\\\/\\\/schema.org\",\"@graph\":[{\"@type\":\"WebPage\",\"@id\":\"https:\\\/\\\/carest-network.org\\\/politique-de-confidentialite\\\/\",\"url\":\"https:\\\/\\\/carest-network.org\\\/politique-de-confidentialite\\\/\",\"name\":\"Politique de confidentialit\u00e9 - Carest Network\",\"isPartOf\":{\"@id\":\"https:\\\/\\\/carest-network.org\\\/#website\"},\"datePublished\":\"2021-11-12T18:52:26+00:00\",\"dateModified\":\"2026-01-14T20:23:16+00:00\",\"breadcrumb\":{\"@id\":\"https:\\\/\\\/carest-network.org\\\/politique-de-confidentialite\\\/#breadcrumb\"},\"inLanguage\":\"en-US\",\"potentialAction\":[{\"@type\":\"ReadAction\",\"target\":[\"https:\\\/\\\/carest-network.org\\\/politique-de-confidentialite\\\/\"]}]},{\"@type\":\"BreadcrumbList\",\"@id\":\"https:\\\/\\\/carest-network.org\\\/politique-de-confidentialite\\\/#breadcrumb\",\"itemListElement\":[{\"@type\":\"ListItem\",\"position\":1,\"name\":\"Accueil\",\"item\":\"https:\\\/\\\/carest-network.org\\\/\"},{\"@type\":\"ListItem\",\"position\":2,\"name\":\"Politique de confidentialit\u00e9\"}]},{\"@type\":\"WebSite\",\"@id\":\"https:\\\/\\\/carest-network.org\\\/#website\",\"url\":\"https:\\\/\\\/carest-network.org\\\/\",\"name\":\"Carest Network\",\"description\":\"CAribean network of REsearchers on Sickle cell disease and Thalassemia\",\"publisher\":{\"@id\":\"https:\\\/\\\/carest-network.org\\\/#organization\"},\"potentialAction\":[{\"@type\":\"SearchAction\",\"target\":{\"@type\":\"EntryPoint\",\"urlTemplate\":\"https:\\\/\\\/carest-network.org\\\/?s={search_term_string}\"},\"query-input\":{\"@type\":\"PropertyValueSpecification\",\"valueRequired\":true,\"valueName\":\"search_term_string\"}}],\"inLanguage\":\"en-US\"},{\"@type\":\"Organization\",\"@id\":\"https:\\\/\\\/carest-network.org\\\/#organization\",\"name\":\"Carest Network\",\"url\":\"https:\\\/\\\/carest-network.org\\\/\",\"logo\":{\"@type\":\"ImageObject\",\"inLanguage\":\"en-US\",\"@id\":\"https:\\\/\\\/carest-network.org\\\/#\\\/schema\\\/logo\\\/image\\\/\",\"url\":\"https:\\\/\\\/carest-network.org\\\/wp-content\\\/uploads\\\/2026\\\/01\\\/CAREST_logo.png\",\"contentUrl\":\"https:\\\/\\\/carest-network.org\\\/wp-content\\\/uploads\\\/2026\\\/01\\\/CAREST_logo.png\",\"width\":1402,\"height\":716,\"caption\":\"Carest Network\"},\"image\":{\"@id\":\"https:\\\/\\\/carest-network.org\\\/#\\\/schema\\\/logo\\\/image\\\/\"}}]}<\/script>\n<!-- \/ Yoast SEO plugin. -->","yoast_head_json":{"title":"Politique de confidentialit\u00e9 - Carest Network","robots":{"index":"index","follow":"follow","max-snippet":"max-snippet:-1","max-image-preview":"max-image-preview:large","max-video-preview":"max-video-preview:-1"},"canonical":"https:\/\/carest-network.org\/en\/politique-de-confidentialite\/","og_locale":"en_US","og_type":"article","og_title":"Politique de confidentialit\u00e9 - Carest Network","og_description":"Introduction Devant le d\u00e9veloppement des nouveaux outils de communication, il est n\u00e9cessaire de porter une attention particuli\u00e8re \u00e0 la protection [&hellip;]","og_url":"https:\/\/carest-network.org\/en\/politique-de-confidentialite\/","og_site_name":"Carest Network","article_modified_time":"2026-01-14T20:23:16+00:00","og_image":[{"width":1402,"height":716,"url":"https:\/\/carest-network.org\/wp-content\/uploads\/2026\/01\/CAREST_logo.png","type":"image\/png"}],"twitter_card":"summary_large_image","twitter_misc":{"Est. reading time":"3 minutes"},"schema":{"@context":"https:\/\/schema.org","@graph":[{"@type":"WebPage","@id":"https:\/\/carest-network.org\/politique-de-confidentialite\/","url":"https:\/\/carest-network.org\/politique-de-confidentialite\/","name":"Politique de confidentialit\u00e9 - Carest Network","isPartOf":{"@id":"https:\/\/carest-network.org\/#website"},"datePublished":"2021-11-12T18:52:26+00:00","dateModified":"2026-01-14T20:23:16+00:00","breadcrumb":{"@id":"https:\/\/carest-network.org\/politique-de-confidentialite\/#breadcrumb"},"inLanguage":"en-US","potentialAction":[{"@type":"ReadAction","target":["https:\/\/carest-network.org\/politique-de-confidentialite\/"]}]},{"@type":"BreadcrumbList","@id":"https:\/\/carest-network.org\/politique-de-confidentialite\/#breadcrumb","itemListElement":[{"@type":"ListItem","position":1,"name":"Accueil","item":"https:\/\/carest-network.org\/"},{"@type":"ListItem","position":2,"name":"Politique de confidentialit\u00e9"}]},{"@type":"WebSite","@id":"https:\/\/carest-network.org\/#website","url":"https:\/\/carest-network.org\/","name":"Carest Network","description":"CAribean network of REsearchers on Sickle cell disease and Thalassemia","publisher":{"@id":"https:\/\/carest-network.org\/#organization"},"potentialAction":[{"@type":"SearchAction","target":{"@type":"EntryPoint","urlTemplate":"https:\/\/carest-network.org\/?s={search_term_string}"},"query-input":{"@type":"PropertyValueSpecification","valueRequired":true,"valueName":"search_term_string"}}],"inLanguage":"en-US"},{"@type":"Organization","@id":"https:\/\/carest-network.org\/#organization","name":"Carest Network","url":"https:\/\/carest-network.org\/","logo":{"@type":"ImageObject","inLanguage":"en-US","@id":"https:\/\/carest-network.org\/#\/schema\/logo\/image\/","url":"https:\/\/carest-network.org\/wp-content\/uploads\/2026\/01\/CAREST_logo.png","contentUrl":"https:\/\/carest-network.org\/wp-content\/uploads\/2026\/01\/CAREST_logo.png","width":1402,"height":716,"caption":"Carest Network"},"image":{"@id":"https:\/\/carest-network.org\/#\/schema\/logo\/image\/"}}]}},"jetpack_sharing_enabled":true,"_links":{"self":[{"href":"https:\/\/carest-network.org\/en\/wp-json\/wp\/v2\/pages\/5454","targetHints":{"allow":["GET"]}}],"collection":[{"href":"https:\/\/carest-network.org\/en\/wp-json\/wp\/v2\/pages"}],"about":[{"href":"https:\/\/carest-network.org\/en\/wp-json\/wp\/v2\/types\/page"}],"author":[{"embeddable":true,"href":"https:\/\/carest-network.org\/en\/wp-json\/wp\/v2\/users\/45"}],"replies":[{"embeddable":true,"href":"https:\/\/carest-network.org\/en\/wp-json\/wp\/v2\/comments?post=5454"}],"version-history":[{"count":15,"href":"https:\/\/carest-network.org\/en\/wp-json\/wp\/v2\/pages\/5454\/revisions"}],"predecessor-version":[{"id":6159,"href":"https:\/\/carest-network.org\/en\/wp-json\/wp\/v2\/pages\/5454\/revisions\/6159"}],"wp:attachment":[{"href":"https:\/\/carest-network.org\/en\/wp-json\/wp\/v2\/media?parent=5454"}],"curies":[{"name":"wp","href":"https:\/\/api.w.org\/{rel}","templated":true}]}}