{"id":5227,"date":"2021-06-16T10:24:31","date_gmt":"2021-06-16T14:24:31","guid":{"rendered":"https:\/\/carest-network.org\/?page_id=5227"},"modified":"2026-03-16T15:23:44","modified_gmt":"2026-03-16T19:23:44","slug":"devenir-membre","status":"publish","type":"page","link":"https:\/\/carest-network.org\/en\/devenir-membre\/","title":{"rendered":"Become a member"},"content":{"rendered":"<div data-elementor-type=\"wp-page\" data-elementor-id=\"5227\" class=\"elementor elementor-5227\" data-elementor-post-type=\"page\">\n\t\t\t\t<div class=\"elementor-element elementor-element-0b9bb78 e-flex e-con-boxed e-con e-parent\" data-id=\"0b9bb78\" data-element_type=\"container\" data-e-type=\"container\">\n\t\t\t\t\t<div class=\"e-con-inner\">\n\t\t\t\t<div class=\"elementor-element elementor-element-50fce29 elementor-widget elementor-widget-heading\" data-id=\"50fce29\" data-element_type=\"widget\" data-e-type=\"widget\" data-widget_type=\"heading.default\">\n\t\t\t\t\t<h2 class=\"elementor-heading-title elementor-size-default\">Join CAREST<\/h2>\t\t\t\t<\/div>\n\t\t\t\t\t<\/div>\n\t\t\t\t<\/div>\n\t\t<div class=\"elementor-element elementor-element-1bfbc7d e-flex e-con-boxed e-con e-parent\" data-id=\"1bfbc7d\" data-element_type=\"container\" data-e-type=\"container\">\n\t\t\t\t\t<div class=\"e-con-inner\">\n\t\t<div class=\"elementor-element elementor-element-b24d877 e-con-full e-flex e-con e-child\" data-id=\"b24d877\" data-element_type=\"container\" data-e-type=\"container\">\n\t\t\t\t<div class=\"elementor-element elementor-element-1c670bc3 elementor-widget elementor-widget-text-editor\" data-id=\"1c670bc3\" data-element_type=\"widget\" data-e-type=\"widget\" data-widget_type=\"text-editor.default\">\n\t\t\t\t\t\t\t\t\t<style type=\"text\/css\">@media only screen and (min-width: 1000px) and (max-width: 5000px){body.kc-css-system .kc-css-3856324{width: 100%;}}.kc-css-2489637 .kc_column{padding-left: 1.3em;padding-right: 1.3em;}.kc-css-2489637>.kc-wrap-columns{margin-left: -1.3em;margin-right: -1.3em;width: calc(100% + 2px);}body.kc-css-system .kc-css-2489637{color: #ffffff;background: #dd3333;}body.kc-css-system .kc-css-250039 ,body.kc-css-system .kc-css-250039 p{color: #ffffff;}body.kc-css-system .kc-css-250039{padding: 20px 5px 19px 05px;}body.kc-css-system .kc-css-250039 p{margin-bottom: 45px;}<\/style><section data-kc-fullwidth=\"row\" class=\"kc-elm kc-css-2489637 kc_row\"><div class=\"kc-row-container  kc-container\"><div class=\"kc-wrap-columns\"><div class=\"kc-elm kc-css-3856324 kc_col-sm-12 kc_column kc_col-sm-12\"><div class=\"kc-col-container\"><div class=\"kc-elm kc-css-250039 kc_text_block\"><p class=\"crayon article-titre-173\"><strong>Votre adh\u00e9sion est essentielle pour \u00eatre inform\u00e9 des avanc\u00e9es scientifiques et de la vie de CAREST :<\/strong><\/p>\n<div class=\"crayon article-texte-173 texte\">\n<ul class=\"spip\">\n<li>Les newsletters, les actualit\u00e9s\u2026<\/li>\n<li>Etre invit\u00e9 aux Rencontres Annuelles<\/li>\n<li>Participer \u00e0 l\u2019Assembl\u00e9e G\u00e9n\u00e9rale<\/li>\n<li>Etre inform\u00e9 et pouvoir \u00e9ventuellement participer aux protocoles de recherche<\/li>\n<li>\u00catre en lien avec d\u2019autres personnes concern\u00e9es par la dr\u00e9panocytose et les thalass\u00e9mies<\/li>\n<li>Interagir avec les autres r\u00e9seaux<\/li>\n<li>Participer \u00e0 des projets de recherche multicentriques.<\/li>\n<\/ul>\n<p class=\"crayon article-titre-174\">Le bulletin \u00ab\u00a0Info dr\u00e9pano\u00a0\u00bb\u00a0fait le point sur l\u2019avanc\u00e9e des travaux dans le monde, donne des conseils pratiques, informe sur les activit\u00e9s de l\u2019association et r\u00e9pond concr\u00e8tement \u00e0 vos questions.<\/p>\n<div class=\"crayon article-texte-174 texte\">\n<p>Il est un moyen de communication entre chercheurs, m\u00e9decins, et adh\u00e9rents. Il permet de suivre les actions et les projets de l\u2019ann\u00e9e.<br \/>Le conseil d\u2019administration de CAREST propose une contribution de base de 25 \u20ac.<\/p>\n<\/div>\n<\/div>\n<\/div><\/div><\/div><\/div><\/div><\/section>\t\t\t\t\t\t\t\t<\/div>\n\t\t\t\t<div class=\"elementor-element elementor-element-2b9f702 elementor-widget elementor-widget-shortcode\" data-id=\"2b9f702\" data-element_type=\"widget\" data-e-type=\"widget\" data-widget_type=\"shortcode.default\">\n\t\t\t\t\t\t\t<div class=\"elementor-shortcode\"><iframe id=\"haWidget\" allowtransparency=\"true\" src=\"https:\/\/www.helloasso.com\/associations\/caribbean-network-of-researchers-on-sickle-cell-disease-and-thalassemia\/adhesions\/adhesion\/widget\" style=\"width: 100%; border: none; height:650px\" onload=\"window.addEventListener( 'message', function(e) { const dataHeight = e.data.height; const haWidgetElement = document.getElementById('haWidget'); haWidgetElement.height = dataHeight + 'px'; } )\" ><\/iframe><\/div>\n\t\t\t\t\t\t<\/div>\n\t\t\t\t<div class=\"elementor-element elementor-element-8d7e516 content-align-cta-default elementor-widget elementor-widget-eael-cta-box\" data-id=\"8d7e516\" data-element_type=\"widget\" data-e-type=\"widget\" data-widget_type=\"eael-cta-box.default\">\n\t\t\t\t\t\t\t<div class=\"eael-call-to-action cta-basic bg-lite cta-preset-1\">\n        <h2 class=\"title eael-cta-heading\">Je souhaite renouveler mon adh\u00e9sion.<\/h2><p>Vous \u00eates membre de CAREST, ci-dessous le lien pour le renouvellement de votre adh\u00e9sion.<\/p><a href=\"https:\/\/www.helloasso.com\/associations\/caribbean-network-of-researchers-on-sickle-cell-disease-and-thalassemia\/adhesions\/adhesion\" class=\"cta-button cta-preset-1\">Renouvellement adh\u00e9sion<\/a>\t<\/div>\n\t\t\t\t\t\t\t\t<\/div>\n\t\t\t\t<\/div>\n\t\t\t\t\t<\/div>\n\t\t\t\t<\/div>\n\t\t\t\t<\/div>","protected":false},"excerpt":{"rendered":"<p>Rejoindre CAREST Votre adh\u00e9sion est essentielle pour \u00eatre inform\u00e9 des avanc\u00e9es scientifiques et de la vie de CAREST : Les [&hellip;]<\/p>\n","protected":false},"author":45,"featured_media":0,"parent":0,"menu_order":0,"comment_status":"closed","ping_status":"closed","template":"","meta":{"site-sidebar-layout":"default","site-content-layout":"","ast-site-content-layout":"default","site-content-style":"default","site-sidebar-style":"default","ast-global-header-display":"","ast-banner-title-visibility":"","ast-main-header-display":"","ast-hfb-above-header-display":"","ast-hfb-below-header-display":"","ast-hfb-mobile-header-display":"","site-post-title":"","ast-breadcrumbs-content":"","ast-featured-img":"","footer-sml-layout":"","ast-disable-related-posts":"","theme-transparent-header-meta":"default","adv-header-id-meta":"","stick-header-meta":"","header-above-stick-meta":"","header-main-stick-meta":"","header-below-stick-meta":"","astra-migrate-meta-layouts":"set","ast-page-background-enabled":"default","ast-page-background-meta":{"desktop":{"background-color":"var(--ast-global-color-5)","background-image":"","background-repeat":"repeat","background-position":"center center","background-size":"auto","background-attachment":"scroll","background-type":"","background-media":"","overlay-type":"","overlay-color":"","overlay-opacity":"","overlay-gradient":""},"tablet":{"background-color":"","background-image":"","background-repeat":"repeat","background-position":"center center","background-size":"auto","background-attachment":"scroll","background-type":"","background-media":"","overlay-type":"","overlay-color":"","overlay-opacity":"","overlay-gradient":""},"mobile":{"background-color":"","background-image":"","background-repeat":"repeat","background-position":"center center","background-size":"auto","background-attachment":"scroll","background-type":"","background-media":"","overlay-type":"","overlay-color":"","overlay-opacity":"","overlay-gradient":""}},"ast-content-background-meta":{"desktop":{"background-color":"var(--ast-global-color-4)","background-image":"","background-repeat":"repeat","background-position":"center center","background-size":"auto","background-attachment":"scroll","background-type":"","background-media":"","overlay-type":"","overlay-color":"","overlay-opacity":"","overlay-gradient":""},"tablet":{"background-color":"var(--ast-global-color-4)","background-image":"","background-repeat":"repeat","background-position":"center center","background-size":"auto","background-attachment":"scroll","background-type":"","background-media":"","overlay-type":"","overlay-color":"","overlay-opacity":"","overlay-gradient":""},"mobile":{"background-color":"var(--ast-global-color-4)","background-image":"","background-repeat":"repeat","background-position":"center center","background-size":"auto","background-attachment":"scroll","background-type":"","background-media":"","overlay-type":"","overlay-color":"","overlay-opacity":"","overlay-gradient":""}},"footnotes":""},"class_list":["post-5227","page","type-page","status-publish","hentry"],"yoast_head":"<!-- This site is optimized with the Yoast SEO plugin v27.3 - https:\/\/yoast.com\/product\/yoast-seo-wordpress\/ -->\n<title>Devenir membre - Carest Network<\/title>\n<meta name=\"robots\" content=\"index, follow, max-snippet:-1, max-image-preview:large, max-video-preview:-1\" \/>\n<link rel=\"canonical\" href=\"https:\/\/carest-network.org\/en\/devenir-membre\/\" \/>\n<meta property=\"og:locale\" content=\"en_US\" \/>\n<meta property=\"og:type\" content=\"article\" \/>\n<meta property=\"og:title\" content=\"Devenir membre - Carest Network\" \/>\n<meta property=\"og:description\" content=\"Rejoindre CAREST Votre adh\u00e9sion est essentielle pour \u00eatre inform\u00e9 des avanc\u00e9es scientifiques et de la vie de CAREST : Les [&hellip;]\" \/>\n<meta property=\"og:url\" content=\"https:\/\/carest-network.org\/en\/devenir-membre\/\" \/>\n<meta property=\"og:site_name\" content=\"Carest Network\" \/>\n<meta property=\"article:modified_time\" content=\"2026-03-16T19:23:44+00:00\" \/>\n<meta property=\"og:image\" content=\"https:\/\/carest-network.org\/wp-content\/uploads\/2026\/01\/CAREST_logo.png\" \/>\n\t<meta property=\"og:image:width\" content=\"1402\" \/>\n\t<meta property=\"og:image:height\" content=\"716\" \/>\n\t<meta property=\"og:image:type\" content=\"image\/png\" \/>\n<meta name=\"twitter:card\" content=\"summary_large_image\" \/>\n<meta name=\"twitter:label1\" content=\"Est. reading time\" \/>\n\t<meta name=\"twitter:data1\" content=\"1 minute\" \/>\n<script type=\"application\/ld+json\" class=\"yoast-schema-graph\">{\"@context\":\"https:\\\/\\\/schema.org\",\"@graph\":[{\"@type\":\"WebPage\",\"@id\":\"https:\\\/\\\/carest-network.org\\\/devenir-membre\\\/\",\"url\":\"https:\\\/\\\/carest-network.org\\\/devenir-membre\\\/\",\"name\":\"Devenir membre - Carest Network\",\"isPartOf\":{\"@id\":\"https:\\\/\\\/carest-network.org\\\/#website\"},\"datePublished\":\"2021-06-16T14:24:31+00:00\",\"dateModified\":\"2026-03-16T19:23:44+00:00\",\"breadcrumb\":{\"@id\":\"https:\\\/\\\/carest-network.org\\\/devenir-membre\\\/#breadcrumb\"},\"inLanguage\":\"en-US\",\"potentialAction\":[{\"@type\":\"ReadAction\",\"target\":[\"https:\\\/\\\/carest-network.org\\\/devenir-membre\\\/\"]}]},{\"@type\":\"BreadcrumbList\",\"@id\":\"https:\\\/\\\/carest-network.org\\\/devenir-membre\\\/#breadcrumb\",\"itemListElement\":[{\"@type\":\"ListItem\",\"position\":1,\"name\":\"Accueil\",\"item\":\"https:\\\/\\\/carest-network.org\\\/\"},{\"@type\":\"ListItem\",\"position\":2,\"name\":\"Devenir membre\"}]},{\"@type\":\"WebSite\",\"@id\":\"https:\\\/\\\/carest-network.org\\\/#website\",\"url\":\"https:\\\/\\\/carest-network.org\\\/\",\"name\":\"Carest Network\",\"description\":\"CAribean network of REsearchers on Sickle cell disease and Thalassemia\",\"publisher\":{\"@id\":\"https:\\\/\\\/carest-network.org\\\/#organization\"},\"potentialAction\":[{\"@type\":\"SearchAction\",\"target\":{\"@type\":\"EntryPoint\",\"urlTemplate\":\"https:\\\/\\\/carest-network.org\\\/?s={search_term_string}\"},\"query-input\":{\"@type\":\"PropertyValueSpecification\",\"valueRequired\":true,\"valueName\":\"search_term_string\"}}],\"inLanguage\":\"en-US\"},{\"@type\":\"Organization\",\"@id\":\"https:\\\/\\\/carest-network.org\\\/#organization\",\"name\":\"Carest Network\",\"url\":\"https:\\\/\\\/carest-network.org\\\/\",\"logo\":{\"@type\":\"ImageObject\",\"inLanguage\":\"en-US\",\"@id\":\"https:\\\/\\\/carest-network.org\\\/#\\\/schema\\\/logo\\\/image\\\/\",\"url\":\"https:\\\/\\\/carest-network.org\\\/wp-content\\\/uploads\\\/2026\\\/01\\\/CAREST_logo.png\",\"contentUrl\":\"https:\\\/\\\/carest-network.org\\\/wp-content\\\/uploads\\\/2026\\\/01\\\/CAREST_logo.png\",\"width\":1402,\"height\":716,\"caption\":\"Carest Network\"},\"image\":{\"@id\":\"https:\\\/\\\/carest-network.org\\\/#\\\/schema\\\/logo\\\/image\\\/\"}}]}<\/script>\n<!-- \/ Yoast SEO plugin. -->","yoast_head_json":{"title":"Devenir membre - Carest Network","robots":{"index":"index","follow":"follow","max-snippet":"max-snippet:-1","max-image-preview":"max-image-preview:large","max-video-preview":"max-video-preview:-1"},"canonical":"https:\/\/carest-network.org\/en\/devenir-membre\/","og_locale":"en_US","og_type":"article","og_title":"Devenir membre - Carest Network","og_description":"Rejoindre CAREST Votre adh\u00e9sion est essentielle pour \u00eatre inform\u00e9 des avanc\u00e9es scientifiques et de la vie de CAREST : Les [&hellip;]","og_url":"https:\/\/carest-network.org\/en\/devenir-membre\/","og_site_name":"Carest Network","article_modified_time":"2026-03-16T19:23:44+00:00","og_image":[{"width":1402,"height":716,"url":"https:\/\/carest-network.org\/wp-content\/uploads\/2026\/01\/CAREST_logo.png","type":"image\/png"}],"twitter_card":"summary_large_image","twitter_misc":{"Est. reading time":"1 minute"},"schema":{"@context":"https:\/\/schema.org","@graph":[{"@type":"WebPage","@id":"https:\/\/carest-network.org\/devenir-membre\/","url":"https:\/\/carest-network.org\/devenir-membre\/","name":"Devenir membre - Carest Network","isPartOf":{"@id":"https:\/\/carest-network.org\/#website"},"datePublished":"2021-06-16T14:24:31+00:00","dateModified":"2026-03-16T19:23:44+00:00","breadcrumb":{"@id":"https:\/\/carest-network.org\/devenir-membre\/#breadcrumb"},"inLanguage":"en-US","potentialAction":[{"@type":"ReadAction","target":["https:\/\/carest-network.org\/devenir-membre\/"]}]},{"@type":"BreadcrumbList","@id":"https:\/\/carest-network.org\/devenir-membre\/#breadcrumb","itemListElement":[{"@type":"ListItem","position":1,"name":"Accueil","item":"https:\/\/carest-network.org\/"},{"@type":"ListItem","position":2,"name":"Devenir membre"}]},{"@type":"WebSite","@id":"https:\/\/carest-network.org\/#website","url":"https:\/\/carest-network.org\/","name":"Carest Network","description":"CAribean network of REsearchers on Sickle cell disease and Thalassemia","publisher":{"@id":"https:\/\/carest-network.org\/#organization"},"potentialAction":[{"@type":"SearchAction","target":{"@type":"EntryPoint","urlTemplate":"https:\/\/carest-network.org\/?s={search_term_string}"},"query-input":{"@type":"PropertyValueSpecification","valueRequired":true,"valueName":"search_term_string"}}],"inLanguage":"en-US"},{"@type":"Organization","@id":"https:\/\/carest-network.org\/#organization","name":"Carest Network","url":"https:\/\/carest-network.org\/","logo":{"@type":"ImageObject","inLanguage":"en-US","@id":"https:\/\/carest-network.org\/#\/schema\/logo\/image\/","url":"https:\/\/carest-network.org\/wp-content\/uploads\/2026\/01\/CAREST_logo.png","contentUrl":"https:\/\/carest-network.org\/wp-content\/uploads\/2026\/01\/CAREST_logo.png","width":1402,"height":716,"caption":"Carest Network"},"image":{"@id":"https:\/\/carest-network.org\/#\/schema\/logo\/image\/"}}]}},"jetpack_sharing_enabled":true,"_links":{"self":[{"href":"https:\/\/carest-network.org\/en\/wp-json\/wp\/v2\/pages\/5227","targetHints":{"allow":["GET"]}}],"collection":[{"href":"https:\/\/carest-network.org\/en\/wp-json\/wp\/v2\/pages"}],"about":[{"href":"https:\/\/carest-network.org\/en\/wp-json\/wp\/v2\/types\/page"}],"author":[{"embeddable":true,"href":"https:\/\/carest-network.org\/en\/wp-json\/wp\/v2\/users\/45"}],"replies":[{"embeddable":true,"href":"https:\/\/carest-network.org\/en\/wp-json\/wp\/v2\/comments?post=5227"}],"version-history":[{"count":29,"href":"https:\/\/carest-network.org\/en\/wp-json\/wp\/v2\/pages\/5227\/revisions"}],"predecessor-version":[{"id":6844,"href":"https:\/\/carest-network.org\/en\/wp-json\/wp\/v2\/pages\/5227\/revisions\/6844"}],"wp:attachment":[{"href":"https:\/\/carest-network.org\/en\/wp-json\/wp\/v2\/media?parent=5227"}],"curies":[{"name":"wp","href":"https:\/\/api.w.org\/{rel}","templated":true}]}}